{"id":2,"date":"2022-08-09T16:36:28","date_gmt":"2022-08-09T16:36:28","guid":{"rendered":"https:\/\/bestbarcelona.org\/wec22\/?page_id=2"},"modified":"2022-09-26T12:09:19","modified_gmt":"2022-09-26T12:09:19","slug":"wec-ca","status":"publish","type":"page","link":"https:\/\/bestbarcelona.org\/wec22\/wec-ca\/","title":{"rendered":"Setmana de l&#8217;Enginyeria de la UPC"},"content":{"rendered":"\t\t<div data-elementor-type=\"wp-page\" data-elementor-id=\"2\" class=\"elementor elementor-2\">\n\t\t\t\t\t\t\t\t\t<section class=\"elementor-section elementor-top-section elementor-element elementor-element-d3e9e88 elementor-section-stretched elementor-section-boxed elementor-section-height-default elementor-section-height-default\" data-id=\"d3e9e88\" data-element_type=\"section\" data-settings=\"{&quot;stretch_section&quot;:&quot;section-stretched&quot;}\">\n\t\t\t\t\t\t<div class=\"elementor-container elementor-column-gap-default\">\n\t\t\t\t\t<div class=\"elementor-column elementor-col-100 elementor-top-column elementor-element elementor-element-42cbe44\" data-id=\"42cbe44\" data-element_type=\"column\">\n\t\t\t<div class=\"elementor-widget-wrap elementor-element-populated\">\n\t\t\t\t\t\t\t\t<div class=\"elementor-element elementor-element-8f877bd elementor-widget elementor-widget-text-editor\" data-id=\"8f877bd\" data-element_type=\"widget\" data-widget_type=\"text-editor.default\">\n\t\t\t\t<div class=\"elementor-widget-container\">\n\t\t\t<style>\/*! elementor - v3.7.7 - 20-09-2022 *\/\n.elementor-widget-text-editor.elementor-drop-cap-view-stacked .elementor-drop-cap{background-color:#818a91;color:#fff}.elementor-widget-text-editor.elementor-drop-cap-view-framed .elementor-drop-cap{color:#818a91;border:3px solid;background-color:transparent}.elementor-widget-text-editor:not(.elementor-drop-cap-view-default) .elementor-drop-cap{margin-top:8px}.elementor-widget-text-editor:not(.elementor-drop-cap-view-default) .elementor-drop-cap-letter{width:1em;height:1em}.elementor-widget-text-editor .elementor-drop-cap{float:left;text-align:center;line-height:1;font-size:50px}.elementor-widget-text-editor .elementor-drop-cap-letter{display:inline-block}<\/style>\t\t\t\t<h1 style=\"font-size: 24px; font-family: -apple-system, BlinkMacSystemFont, 'Segoe UI', Roboto, Oxygen-Sans, Ubuntu, Cantarell, 'Helvetica Neue', sans-serif; color: var(--sydney-headings-color); margin: 10px 0px 24px; text-align: left;\">Qu\u00e8 \u00e9s la WEC?<\/h1><div style=\"color: #233452; font-family: -apple-system, BlinkMacSystemFont, 'Segoe UI', Roboto, Oxygen-Sans, Ubuntu, Cantarell, 'Helvetica Neue', sans-serif; font-size: 16px; text-align: justify;\"><div style=\"overflow: initial; border: 0px;\" data-index=\"0\"><p style=\"margin-bottom: 20px;\">La\u00a0<span style=\"font-weight: bolder;\">Week of Engineering Competition<\/span>\u00a0(WEC) \u00e9s una setmana dedicada als estudiants de la Universitat Polit\u00e8cnica de Catalunya, tamb\u00e9 coneguda com la Setmana de l\u2019Enginyeria de la UPC. Durant l\u2019esdeveniment, es celebren diverses activitats, ja siguin <i>trainings<\/i>, <i>workshops <\/i>o competicions d\u2019enginyeria, on els participants posen a prova i desenvolupen els seus coneixements t\u00e8cnics i habilitats personals per resoldre els reptes plantejats.<\/p><p style=\"margin-bottom: 20px;\">A m\u00e9s, la WEC suposa un punt de trobada entre<span style=\"font-weight: bolder;\">\u00a0empreses i estudiants<\/span>. Al llarg d\u2019aquesta setmana, les empreses poden veure en acci\u00f3 els participants durant les seves activitats i avaluar les seves habilitats, mentre que els estudiants tenen la oportunitat d\u2019apropar-se al m\u00f3n laboral i contactar amb empreses del seu sector.\u00a0<\/p><p style=\"margin-bottom: 20px;\">Aquest any, del <b>26 de novembre al 2 de desembre<\/b> es celebra<b> la XIV edici\u00f3 de la WEC<\/b>. Tornem despr\u00e9s de 3 anys marcats per la pand\u00e8mia i la vida online ara s\u00ed,\u00a0<b>100% presencial.<\/b>\u00a0Hem estat treballant de valent durant tot aquest temps per portar-vos la Setmana de l&#8217;Enginyeria de la UPC. Oportunitats de con\u00e8ixer grans empreses, fer <em>networking<\/em> i millorar professionalment a trav\u00e9s de les formacions.<\/p><p style=\"margin-bottom: 20px;\">El cap de setmana del <b>26 al 27 de novembre<\/b>\u00a0es dur\u00e0 a terme la <b>EBEC Challenge<\/b>, el repte d&#8217;enginyeria on els guanyadors tindran la oportunitat de participar a la fase regional, juntament amb altres equips d&#8217;Espanya i Portugal, en representaci\u00f3 de la UPC.<\/p><p style=\"margin-bottom: 20px;\">Tot l\u2019esdeveniment est\u00e0 organitzat per estudiants de la UPC membres de l\u2019organitzaci\u00f3 <a href=\"http:\/\/www.bestbarcelona.org\" target=\"_blank\" rel=\"noopener\"><strong>BEST-UPC<\/strong><\/a> (Board of European Students of Technology).<\/p><\/div><\/div>\t\t\t\t\t\t<\/div>\n\t\t\t\t<\/div>\n\t\t\t\t\t<\/div>\n\t\t<\/div>\n\t\t\t\t\t\t\t<\/div>\n\t\t<\/section>\n\t\t\t\t\t\t\t<\/div>\n\t\t","protected":false},"excerpt":{"rendered":"<p>Qu\u00e8 \u00e9s la WEC? La\u00a0Week of Engineering Competition\u00a0(WEC) \u00e9s una setmana dedicada als estudiants de la Universitat Polit\u00e8cnica de Catalunya, tamb\u00e9 coneguda com la Setmana de l\u2019Enginyeria de la UPC. Durant l\u2019esdeveniment, es celebren diverses activitats, ja siguin trainings, workshops o competicions d\u2019enginyeria, on els participants posen a prova i desenvolupen els seus coneixements t\u00e8cnics i habilitats personals per resoldre els reptes plantejats. A m\u00e9s, la WEC suposa un punt de trobada entre\u00a0empreses i estudiants. Al llarg d\u2019aquesta setmana, les empreses poden veure en acci\u00f3 els participants durant les seves activitats i avaluar les seves habilitats, mentre que els estudiants<\/p>\n","protected":false},"author":1,"featured_media":0,"parent":0,"menu_order":0,"comment_status":"closed","ping_status":"closed","template":"","meta":{"footnotes":""},"class_list":["post-2","page","type-page","status-publish","hentry"],"_links":{"self":[{"href":"https:\/\/bestbarcelona.org\/wec22\/wp-json\/wp\/v2\/pages\/2","targetHints":{"allow":["GET"]}}],"collection":[{"href":"https:\/\/bestbarcelona.org\/wec22\/wp-json\/wp\/v2\/pages"}],"about":[{"href":"https:\/\/bestbarcelona.org\/wec22\/wp-json\/wp\/v2\/types\/page"}],"author":[{"embeddable":true,"href":"https:\/\/bestbarcelona.org\/wec22\/wp-json\/wp\/v2\/users\/1"}],"replies":[{"embeddable":true,"href":"https:\/\/bestbarcelona.org\/wec22\/wp-json\/wp\/v2\/comments?post=2"}],"version-history":[{"count":5,"href":"https:\/\/bestbarcelona.org\/wec22\/wp-json\/wp\/v2\/pages\/2\/revisions"}],"predecessor-version":[{"id":398,"href":"https:\/\/bestbarcelona.org\/wec22\/wp-json\/wp\/v2\/pages\/2\/revisions\/398"}],"wp:attachment":[{"href":"https:\/\/bestbarcelona.org\/wec22\/wp-json\/wp\/v2\/media?parent=2"}],"curies":[{"name":"wp","href":"https:\/\/api.w.org\/{rel}","templated":true}]}}