{"id":3654,"date":"2018-08-12T22:36:10","date_gmt":"2018-08-12T20:36:10","guid":{"rendered":"https:\/\/bestbarcelona.org\/wec20\/?page_id=3654"},"modified":"2020-11-24T20:12:44","modified_gmt":"2020-11-24T19:12:44","slug":"wec-ca","status":"publish","type":"page","link":"https:\/\/bestbarcelona.org\/wec20\/wec-ca\/","title":{"rendered":"WEC"},"content":{"rendered":"\t\t<div data-elementor-type=\"wp-post\" data-elementor-id=\"3654\" class=\"elementor elementor-3654 elementor-bc-flex-widget\">\n\t\t\t\t\t\t<div class=\"elementor-inner\">\n\t\t\t\t<div class=\"elementor-section-wrap\">\n\t\t\t\t\t\t\t\t\t<section class=\"elementor-section elementor-top-section elementor-element elementor-element-f60436a elementor-section-stretched elementor-section-full_width elementor-section-height-min-height elementor-section-content-middle elementor-section-height-default elementor-section-items-middle\" data-id=\"f60436a\" data-element_type=\"section\" data-settings=\"{&quot;stretch_section&quot;:&quot;section-stretched&quot;,&quot;background_background&quot;:&quot;classic&quot;}\">\n\t\t\t\t\t\t<div class=\"elementor-container elementor-column-gap-default\">\n\t\t\t\t\t\t\t<div class=\"elementor-row\">\n\t\t\t\t\t<div class=\"elementor-column elementor-col-100 elementor-top-column elementor-element elementor-element-5f78dd5\" data-id=\"5f78dd5\" data-element_type=\"column\" data-settings=\"{&quot;background_background&quot;:&quot;classic&quot;}\">\n\t\t\t<div class=\"elementor-column-wrap elementor-element-populated\">\n\t\t\t\t\t\t\t<div class=\"elementor-widget-wrap\">\n\t\t\t\t\t\t<div class=\"elementor-element elementor-element-1ca3477 elementor-widget elementor-widget-image\" data-id=\"1ca3477\" data-element_type=\"widget\" data-widget_type=\"image.default\">\n\t\t\t\t<div class=\"elementor-widget-container\">\n\t\t\t\t\t\t\t\t<div class=\"elementor-image\">\n\t\t\t\t\t\t\t\t\t\t\t\t<img width=\"1024\" height=\"182\" src=\"https:\/\/bestbarcelona.org\/wec20\/wp-content\/uploads\/2018\/09\/WEC-PNG-1024x182.png\" class=\"attachment-large size-large wp-image-3843\" alt=\"\" loading=\"lazy\" srcset=\"https:\/\/bestbarcelona.org\/wec20\/wp-content\/uploads\/2018\/09\/WEC-PNG-1024x182.png 1024w, https:\/\/bestbarcelona.org\/wec20\/wp-content\/uploads\/2018\/09\/WEC-PNG-300x53.png 300w, https:\/\/bestbarcelona.org\/wec20\/wp-content\/uploads\/2018\/09\/WEC-PNG-768x136.png 768w, https:\/\/bestbarcelona.org\/wec20\/wp-content\/uploads\/2018\/09\/WEC-PNG-830x147.png 830w, https:\/\/bestbarcelona.org\/wec20\/wp-content\/uploads\/2018\/09\/WEC-PNG-230x41.png 230w, https:\/\/bestbarcelona.org\/wec20\/wp-content\/uploads\/2018\/09\/WEC-PNG-350x62.png 350w, https:\/\/bestbarcelona.org\/wec20\/wp-content\/uploads\/2018\/09\/WEC-PNG-480x85.png 480w\" sizes=\"(max-width: 1024px) 100vw, 1024px\" \/>\t\t\t\t\t\t\t\t\t\t\t\t\t\t<\/div>\n\t\t\t\t\t\t<\/div>\n\t\t\t\t<\/div>\n\t\t\t\t\t\t<\/div>\n\t\t\t\t\t<\/div>\n\t\t<\/div>\n\t\t\t\t\t\t\t\t<\/div>\n\t\t\t\t\t<\/div>\n\t\t<\/section>\n\t\t\t\t<section class=\"elementor-section elementor-top-section elementor-element elementor-element-f9212a8 elementor-section-boxed elementor-section-height-default elementor-section-height-default\" data-id=\"f9212a8\" data-element_type=\"section\">\n\t\t\t\t\t\t<div class=\"elementor-container elementor-column-gap-default\">\n\t\t\t\t\t\t\t<div class=\"elementor-row\">\n\t\t\t\t\t<div class=\"elementor-column elementor-col-100 elementor-top-column elementor-element elementor-element-c2e5a1f\" data-id=\"c2e5a1f\" data-element_type=\"column\">\n\t\t\t<div class=\"elementor-column-wrap elementor-element-populated\">\n\t\t\t\t\t\t\t<div class=\"elementor-widget-wrap\">\n\t\t\t\t\t\t<div class=\"elementor-element elementor-element-904bfd7 elementor-widget elementor-widget-text-editor\" data-id=\"904bfd7\" data-element_type=\"widget\" data-widget_type=\"text-editor.default\">\n\t\t\t\t<div class=\"elementor-widget-container\">\n\t\t\t\t\t\t\t\t<div class=\"elementor-text-editor elementor-clearfix\">\n\t\t\t\t<h3 class=\"widget-title\">Qu\u00e8 \u00e9s la WEC?<\/h3><div class=\"siteorigin-widget-tinymce textwidget\"><div id=\"que\" class=\"panel-grid\"><div id=\"pgc-289-que-0\" class=\"panel-grid-cell\"><div id=\"panel-289-0-0-0\" class=\"so-panel widget widget_sow-editor panel-first-child panel-last-child\" data-index=\"0\"><div class=\"so-widget-sow-editor so-widget-sow-editor-base\"><p>La <b>Week of Engineering Competition<\/b> (WEC) \u00e9s una setmana dedicada als estudiants de la Universitat Polit\u00e8cnica de Catalunya, tamb\u00e9 coneguda com la Setmana de l\u2019Enginyeria de la UPC. Durant l\u2019esdeveniment, es celebren diverses activitats, ja siguin trainings, workshops o competicions d\u2019enginyeria, on els participants posen a prova i desenvolupen els seus coneixements t\u00e8cnics i habilitats personals per resoldre els reptes plantejats.<\/p><p>A m\u00e9s, la WEC suposa un punt de trobada entre<b> empreses i estudiants<\/b>. Al llarg d\u2019aquesta setmana, les empreses poden veure en acci\u00f3 els participants durant les seves activitats i avaluar les seves habilitats, mentre que els estudiants tenen la oportunitat d\u2019apropar-se al m\u00f3n laboral i contactar amb empreses del seu sector.\u00a0<\/p><p>Hi haur\u00e0 <b>trainings<\/b>, realitzats per estudiants de l\u2019organitzaci\u00f3 BEST. Uns trainers ens ensenyaran com podem millorar les nostres <b>negotiation skills<\/b> i ens parlaran de t\u00e8cniques per com millorar les nostres habilitats quant a <b>project management<\/b>.<\/p><p>Aquest any es celebra la XIII edici\u00f3 de la WEC en un context molt dif\u00edcil. Malgrat tot, hem seguit treballant per seguir oferint als estudiants oportunitats per desenvolupar-se personalment i professionalment <b>de forma segura i sense riscos<\/b>.\u00a0 Per aquest motiu, totes les activitats es realitzaran de forma online i la competici\u00f3 d\u2019enginyeria quedar\u00e0 apla\u00e7ada fins a nou av\u00eds.<\/p><p>Tot l&#8217;esdeveniment est\u00e0 organitzat per estudiants de la UPC membres de l&#8217;organitzaci\u00f3 BEST (Board of European Students of Technology).<\/p><\/div><\/div><\/div><\/div><\/div>\t\t\t\t\t<\/div>\n\t\t\t\t\t\t<\/div>\n\t\t\t\t<\/div>\n\t\t\t\t\t\t<\/div>\n\t\t\t\t\t<\/div>\n\t\t<\/div>\n\t\t\t\t\t\t\t\t<\/div>\n\t\t\t\t\t<\/div>\n\t\t<\/section>\n\t\t\t\t\t\t\t\t\t<\/div>\n\t\t\t<\/div>\n\t\t\t\t\t<\/div>\n\t\t","protected":false},"excerpt":{"rendered":"<p>Qu\u00e8 \u00e9s la WEC? La Week of Engineering Competition (WEC) \u00e9s una setmana dedicada als estudiants de la Universitat Polit\u00e8cnica de Catalunya, [&hellip;]<\/p>\n","protected":false},"author":2,"featured_media":0,"parent":0,"menu_order":0,"comment_status":"closed","ping_status":"closed","template":"page-templates\/page_fullwidth.php","meta":[],"_links":{"self":[{"href":"https:\/\/bestbarcelona.org\/wec20\/wp-json\/wp\/v2\/pages\/3654"}],"collection":[{"href":"https:\/\/bestbarcelona.org\/wec20\/wp-json\/wp\/v2\/pages"}],"about":[{"href":"https:\/\/bestbarcelona.org\/wec20\/wp-json\/wp\/v2\/types\/page"}],"author":[{"embeddable":true,"href":"https:\/\/bestbarcelona.org\/wec20\/wp-json\/wp\/v2\/users\/2"}],"replies":[{"embeddable":true,"href":"https:\/\/bestbarcelona.org\/wec20\/wp-json\/wp\/v2\/comments?post=3654"}],"version-history":[{"count":127,"href":"https:\/\/bestbarcelona.org\/wec20\/wp-json\/wp\/v2\/pages\/3654\/revisions"}],"predecessor-version":[{"id":5313,"href":"https:\/\/bestbarcelona.org\/wec20\/wp-json\/wp\/v2\/pages\/3654\/revisions\/5313"}],"wp:attachment":[{"href":"https:\/\/bestbarcelona.org\/wec20\/wp-json\/wp\/v2\/media?parent=3654"}],"curies":[{"name":"wp","href":"https:\/\/api.w.org\/{rel}","templated":true}]}}