{"id":3639,"date":"2018-08-12T22:26:35","date_gmt":"2018-08-12T20:26:35","guid":{"rendered":"https:\/\/bestbarcelona.org\/wec20\/?page_id=3639"},"modified":"2020-11-24T20:11:53","modified_gmt":"2020-11-24T19:11:53","slug":"faqs-ca","status":"publish","type":"page","link":"https:\/\/bestbarcelona.org\/wec20\/faqs-ca\/","title":{"rendered":"FAQ"},"content":{"rendered":"\t\t<div data-elementor-type=\"wp-post\" data-elementor-id=\"3639\" class=\"elementor elementor-3639 elementor-bc-flex-widget\">\n\t\t\t\t\t\t<div class=\"elementor-inner\">\n\t\t\t\t<div class=\"elementor-section-wrap\">\n\t\t\t\t\t\t\t\t\t<section class=\"elementor-section elementor-top-section elementor-element elementor-element-3660148 elementor-section-stretched elementor-section-full_width elementor-section-height-default elementor-section-height-default\" data-id=\"3660148\" data-element_type=\"section\" data-settings=\"{&quot;stretch_section&quot;:&quot;section-stretched&quot;,&quot;background_background&quot;:&quot;classic&quot;}\">\n\t\t\t\t\t\t<div class=\"elementor-container elementor-column-gap-default\">\n\t\t\t\t\t\t\t<div class=\"elementor-row\">\n\t\t\t\t\t<div class=\"elementor-column elementor-col-100 elementor-top-column elementor-element elementor-element-7d4e2c1\" data-id=\"7d4e2c1\" data-element_type=\"column\" data-settings=\"{&quot;background_background&quot;:&quot;classic&quot;}\">\n\t\t\t<div class=\"elementor-column-wrap elementor-element-populated\">\n\t\t\t\t\t\t\t<div class=\"elementor-widget-wrap\">\n\t\t\t\t\t\t<div class=\"elementor-element elementor-element-b53e333 elementor-widget elementor-widget-text-editor\" data-id=\"b53e333\" data-element_type=\"widget\" data-widget_type=\"text-editor.default\">\n\t\t\t\t<div class=\"elementor-widget-container\">\n\t\t\t\t\t\t\t\t<div class=\"elementor-text-editor elementor-clearfix\">\n\t\t\t\t<h1 class=\"elementor-heading-title elementor-size-default elementor-inline-editing pen\" style=\"margin-top: 0px; margin-bottom: 0px; line-height: 1; color: #5d3484; padding: 0px;\" data-elementor-setting-key=\"title\" data-pen-placeholder=\"Type Here...\">FAQ<\/h1>\t\t\t\t\t<\/div>\n\t\t\t\t\t\t<\/div>\n\t\t\t\t<\/div>\n\t\t\t\t\t\t<\/div>\n\t\t\t\t\t<\/div>\n\t\t<\/div>\n\t\t\t\t\t\t\t\t<\/div>\n\t\t\t\t\t<\/div>\n\t\t<\/section>\n\t\t\t\t<section class=\"elementor-section elementor-top-section elementor-element elementor-element-5e175f6 elementor-section-boxed elementor-section-height-default elementor-section-height-default\" data-id=\"5e175f6\" data-element_type=\"section\">\n\t\t\t\t\t\t<div class=\"elementor-container elementor-column-gap-default\">\n\t\t\t\t\t\t\t<div class=\"elementor-row\">\n\t\t\t\t\t<div class=\"elementor-column elementor-col-100 elementor-top-column elementor-element elementor-element-10f40ed\" data-id=\"10f40ed\" data-element_type=\"column\">\n\t\t\t<div class=\"elementor-column-wrap elementor-element-populated\">\n\t\t\t\t\t\t\t<div class=\"elementor-widget-wrap\">\n\t\t\t\t\t\t<div class=\"elementor-element elementor-element-469c0e9 elementor-widget elementor-widget-toggle\" data-id=\"469c0e9\" data-element_type=\"widget\" data-widget_type=\"toggle.default\">\n\t\t\t\t<div class=\"elementor-widget-container\">\n\t\t\t\t\t<div class=\"elementor-toggle\" role=\"tablist\">\n\t\t\t\t\t\t\t<div class=\"elementor-toggle-item\">\n\t\t\t\t\t<div id=\"elementor-tab-title-7401\" class=\"elementor-tab-title\" data-tab=\"1\" role=\"tab\" aria-controls=\"elementor-tab-content-7401\" aria-expanded=\"false\">\n\t\t\t\t\t\t\t\t\t\t\t\t<span class=\"elementor-toggle-icon elementor-toggle-icon-left\" aria-hidden=\"true\">\n\t\t\t\t\t\t\t\t\t\t\t\t\t\t\t<span class=\"elementor-toggle-icon-closed\"><i class=\"fas fa-caret-right\"><\/i><\/span>\n\t\t\t\t\t\t\t\t<span class=\"elementor-toggle-icon-opened\"><i class=\"elementor-toggle-icon-opened fas fa-caret-up\"><\/i><\/span>\n\t\t\t\t\t\t\t\t\t\t\t\t\t<\/span>\n\t\t\t\t\t\t\t\t\t\t\t\t<a href=\"\" class=\"elementor-toggle-title\">GENERAL<\/a>\n\t\t\t\t\t<\/div>\n\n\t\t\t\t\t<div id=\"elementor-tab-content-7401\" class=\"elementor-tab-content elementor-clearfix\" data-tab=\"1\" role=\"tabpanel\" aria-labelledby=\"elementor-tab-title-7401\"><p><b>Qu\u00e8 s\u2019obt\u00e9 participant a la WEC?<\/b><\/p><p>\u00c9s l\u2019oportunitat per sortir de les aules i posar a prova el teu enginy. Cada activitat ofereix unes possibilitats d\u2019aprenentatge i posada a prova \u00faniques. A trav\u00e9s de les proves treballar\u00e0s les teves habilitats personals i descobrir\u00e0s els teus punts forts i febles, a la vegada que apliques i millores els teus coneixements t\u00e8cnics.<\/p><p>Tamb\u00e9 tindr\u00e0s contacte directe amb professionals de les millors multinacionals, podr\u00e0s con\u00e8ixer com treballen en les \u00faltimes tecnologies i demostrar les teves capacitats als captadors de talent directament.<\/p><p><b>Quant duren les activitats?<\/b><\/p><p><span style=\"font-weight: 400;\">Els webinars i els trainings duren unes 2-3h.<\/span><\/p><p><b>En quin idioma s\u00f3n les activitats?<\/b><\/p><p>Totes les activitats s\u00f3n en catal\u00e0 o castell\u00e0, mentre que els training s\u00f3n \u00edntegrament en angl\u00e8s.<\/p><\/div>\n\t\t\t\t<\/div>\n\t\t\t\t\t\t\t<div class=\"elementor-toggle-item\">\n\t\t\t\t\t<div id=\"elementor-tab-title-7402\" class=\"elementor-tab-title\" data-tab=\"2\" role=\"tab\" aria-controls=\"elementor-tab-content-7402\" aria-expanded=\"false\">\n\t\t\t\t\t\t\t\t\t\t\t\t<span class=\"elementor-toggle-icon elementor-toggle-icon-left\" aria-hidden=\"true\">\n\t\t\t\t\t\t\t\t\t\t\t\t\t\t\t<span class=\"elementor-toggle-icon-closed\"><i class=\"fas fa-caret-right\"><\/i><\/span>\n\t\t\t\t\t\t\t\t<span class=\"elementor-toggle-icon-opened\"><i class=\"elementor-toggle-icon-opened fas fa-caret-up\"><\/i><\/span>\n\t\t\t\t\t\t\t\t\t\t\t\t\t<\/span>\n\t\t\t\t\t\t\t\t\t\t\t\t<a href=\"\" class=\"elementor-toggle-title\">COMPETICI\u00d3 D'ENGINYERIA<\/a>\n\t\t\t\t\t<\/div>\n\n\t\t\t\t\t<div id=\"elementor-tab-content-7402\" class=\"elementor-tab-content elementor-clearfix\" data-tab=\"2\" role=\"tabpanel\" aria-labelledby=\"elementor-tab-title-7402\"><p><b>Quan fareu la competici\u00f3 d\u2019enginyeria?<\/b><\/p><p>En aquest context \u00e9s dif\u00edcil concretar quan tindria lloc, ja que necessitem disposar dels espais que depenen directament dels espais de la UPC. Estem cada dia atents sobre les actualitzacions de les directrius de la universitat i del govern, i estudiant quines serien les possibles dates per realitzar-la.<\/p><\/div>\n\t\t\t\t<\/div>\n\t\t\t\t\t\t\t<div class=\"elementor-toggle-item\">\n\t\t\t\t\t<div id=\"elementor-tab-title-7403\" class=\"elementor-tab-title\" data-tab=\"3\" role=\"tab\" aria-controls=\"elementor-tab-content-7403\" aria-expanded=\"false\">\n\t\t\t\t\t\t\t\t\t\t\t\t<span class=\"elementor-toggle-icon elementor-toggle-icon-left\" aria-hidden=\"true\">\n\t\t\t\t\t\t\t\t\t\t\t\t\t\t\t<span class=\"elementor-toggle-icon-closed\"><i class=\"fas fa-caret-right\"><\/i><\/span>\n\t\t\t\t\t\t\t\t<span class=\"elementor-toggle-icon-opened\"><i class=\"elementor-toggle-icon-opened fas fa-caret-up\"><\/i><\/span>\n\t\t\t\t\t\t\t\t\t\t\t\t\t<\/span>\n\t\t\t\t\t\t\t\t\t\t\t\t<a href=\"\" class=\"elementor-toggle-title\">REQUISITS DE PARTICIPACI\u00d3<\/a>\n\t\t\t\t\t<\/div>\n\n\t\t\t\t\t<div id=\"elementor-tab-content-7403\" class=\"elementor-tab-content elementor-clearfix\" data-tab=\"3\" role=\"tabpanel\" aria-labelledby=\"elementor-tab-title-7403\"><p><b>Puc participar si s\u00f3c de primer curs?<\/b><\/p><p>S\u00ed, la WEC \u00e9s una setmana dedicada a TOTS els estudiants de la UPC i per tant tamb\u00e9 volem que en formis part.<\/p><p><b>Puc participar a la WEC tot i que ja no sigui estudiant de la UPC, si he acabat els estudis o s\u00f3c d\u2019una altra universitat?<\/b><\/p><p>Les activitats estan obertes a tots els estudiants.<\/p><\/div>\n\t\t\t\t<\/div>\n\t\t\t\t\t\t\t<div class=\"elementor-toggle-item\">\n\t\t\t\t\t<div id=\"elementor-tab-title-7404\" class=\"elementor-tab-title\" data-tab=\"4\" role=\"tab\" aria-controls=\"elementor-tab-content-7404\" aria-expanded=\"false\">\n\t\t\t\t\t\t\t\t\t\t\t\t<span class=\"elementor-toggle-icon elementor-toggle-icon-left\" aria-hidden=\"true\">\n\t\t\t\t\t\t\t\t\t\t\t\t\t\t\t<span class=\"elementor-toggle-icon-closed\"><i class=\"fas fa-caret-right\"><\/i><\/span>\n\t\t\t\t\t\t\t\t<span class=\"elementor-toggle-icon-opened\"><i class=\"elementor-toggle-icon-opened fas fa-caret-up\"><\/i><\/span>\n\t\t\t\t\t\t\t\t\t\t\t\t\t<\/span>\n\t\t\t\t\t\t\t\t\t\t\t\t<a href=\"\" class=\"elementor-toggle-title\">INSCRIPCI\u00d3<\/a>\n\t\t\t\t\t<\/div>\n\n\t\t\t\t\t<div id=\"elementor-tab-content-7404\" class=\"elementor-tab-content elementor-clearfix\" data-tab=\"4\" role=\"tabpanel\" aria-labelledby=\"elementor-tab-title-7404\"><p><b>Puc apuntar-me a m\u00e9s d\u2019una activitat, i ser escollit a m\u00e9s d\u2019una?<\/b><\/p><p>S\u00ed, et pots apuntar a tot el que vulguis.\u00a0<\/p><p><b>Les places de activitats s\u00f3n limitades?<\/b><\/p><p>S\u00ed, a un l\u00edmit de 25 places per activitat.<\/p><p><b>\u00c9s obligatori pujar el meu curr\u00edculum per inscriure\u2019m?<\/b><\/p><p>Si, cada any treballem per fer arribar la WEC a m\u00e9s estudiants, per\u00f2 degut a que les places per a les activitats s\u00f3n limitades, els participants de les activitats es seleccionaran en funci\u00f3 del seu curr\u00edculum.<\/p><p>Si no tens el teu CV al formulari d\u2019inscripci\u00f3 trobar\u00e0s tota una s\u00e8rie de links amb informaci\u00f3 i plantilles per fer-te la feina f\u00e0cil i estrenar curr\u00edculum.<\/p><\/div>\n\t\t\t\t<\/div>\n\t\t\t\t\t\t\t<div class=\"elementor-toggle-item\">\n\t\t\t\t\t<div id=\"elementor-tab-title-7405\" class=\"elementor-tab-title\" data-tab=\"5\" role=\"tab\" aria-controls=\"elementor-tab-content-7405\" aria-expanded=\"false\">\n\t\t\t\t\t\t\t\t\t\t\t\t<span class=\"elementor-toggle-icon elementor-toggle-icon-left\" aria-hidden=\"true\">\n\t\t\t\t\t\t\t\t\t\t\t\t\t\t\t<span class=\"elementor-toggle-icon-closed\"><i class=\"fas fa-caret-right\"><\/i><\/span>\n\t\t\t\t\t\t\t\t<span class=\"elementor-toggle-icon-opened\"><i class=\"elementor-toggle-icon-opened fas fa-caret-up\"><\/i><\/span>\n\t\t\t\t\t\t\t\t\t\t\t\t\t<\/span>\n\t\t\t\t\t\t\t\t\t\t\t\t<a href=\"\" class=\"elementor-toggle-title\">CR\u00c8DITS I JUSTIFICANTS<\/a>\n\t\t\t\t\t<\/div>\n\n\t\t\t\t\t<div id=\"elementor-tab-content-7405\" class=\"elementor-tab-content elementor-clearfix\" data-tab=\"5\" role=\"tabpanel\" aria-labelledby=\"elementor-tab-title-7405\"><p><b>Podr\u00e9 recon\u00e8ixer cr\u00e8dits ECTS per haver participat?<\/b><\/p><p>Per participar a la WEC rebr\u00e0s un diploma acreditatiu i se\u2019t reconeixeran cr\u00e8dits ECTS en funci\u00f3 del nombre d\u2019hores que hagis participat. Les hores s\u2019acumulen al llarg de les diferents edicions de la WEC i de la duraci\u00f3 de les diferents activitats, de forma que 30h acumulades equivalen a un cr\u00e8dit i 15h equivalen a mig cr\u00e8dit.<\/p><p><b>Si he de faltar a classe o a laboratori, puc obtenir un justificant?<\/b><\/p><p>S\u00ed, per qualsevol classe o laboratori que t\u2019hagis perdut per participar a la WEC, BEST et far\u00e0 un justificant per a qu\u00e8 no tinguis cap problema.<\/p><\/div>\n\t\t\t\t<\/div>\n\t\t\t\t\t\t\t\t<\/div>\n\t\t\t\t<\/div>\n\t\t\t\t<\/div>\n\t\t\t\t\t\t<\/div>\n\t\t\t\t\t<\/div>\n\t\t<\/div>\n\t\t\t\t\t\t\t\t<\/div>\n\t\t\t\t\t<\/div>\n\t\t<\/section>\n\t\t\t\t\t\t\t\t\t<\/div>\n\t\t\t<\/div>\n\t\t\t\t\t<\/div>\n\t\t","protected":false},"excerpt":{"rendered":"<p>FAQ GENERAL Qu\u00e8 s\u2019obt\u00e9 participant a la WEC? \u00c9s l\u2019oportunitat per sortir de les aules i posar a prova el teu enginy. [&hellip;]<\/p>\n","protected":false},"author":2,"featured_media":0,"parent":0,"menu_order":0,"comment_status":"closed","ping_status":"closed","template":"elementor_header_footer","meta":[],"_links":{"self":[{"href":"https:\/\/bestbarcelona.org\/wec20\/wp-json\/wp\/v2\/pages\/3639"}],"collection":[{"href":"https:\/\/bestbarcelona.org\/wec20\/wp-json\/wp\/v2\/pages"}],"about":[{"href":"https:\/\/bestbarcelona.org\/wec20\/wp-json\/wp\/v2\/types\/page"}],"author":[{"embeddable":true,"href":"https:\/\/bestbarcelona.org\/wec20\/wp-json\/wp\/v2\/users\/2"}],"replies":[{"embeddable":true,"href":"https:\/\/bestbarcelona.org\/wec20\/wp-json\/wp\/v2\/comments?post=3639"}],"version-history":[{"count":29,"href":"https:\/\/bestbarcelona.org\/wec20\/wp-json\/wp\/v2\/pages\/3639\/revisions"}],"predecessor-version":[{"id":5311,"href":"https:\/\/bestbarcelona.org\/wec20\/wp-json\/wp\/v2\/pages\/3639\/revisions\/5311"}],"wp:attachment":[{"href":"https:\/\/bestbarcelona.org\/wec20\/wp-json\/wp\/v2\/media?parent=3639"}],"curies":[{"name":"wp","href":"https:\/\/api.w.org\/{rel}","templated":true}]}}