{"id":21054,"date":"2020-09-01T08:00:06","date_gmt":"2020-09-01T06:00:06","guid":{"rendered":"https:\/\/bestbarcelona.org\/web\/?page_id=21054"},"modified":"2022-09-06T10:43:39","modified_gmt":"2022-09-06T08:43:39","slug":"knowus-ca","status":"publish","type":"page","link":"https:\/\/bestbarcelona.org\/web\/knowus-ca\/","title":{"rendered":"Coneix-nos"},"content":{"rendered":"\t\t<div data-elementor-type=\"wp-page\" data-elementor-id=\"21054\" class=\"elementor elementor-21054\">\n\t\t\t\t\t\t<div class=\"elementor-inner\">\n\t\t\t\t<div class=\"elementor-section-wrap\">\n\t\t\t\t\t\t\t\t\t<section class=\"elementor-section elementor-top-section elementor-element elementor-element-3101946 elementor-section-stretched elementor-section-boxed elementor-section-height-default elementor-section-height-default\" data-id=\"3101946\" data-element_type=\"section\" data-settings=\"{&quot;stretch_section&quot;:&quot;section-stretched&quot;}\">\n\t\t\t\t\t\t<div class=\"elementor-container elementor-column-gap-default\">\n\t\t\t\t\t\t\t<div class=\"elementor-row\">\n\t\t\t\t\t<div class=\"elementor-column elementor-col-50 elementor-top-column elementor-element elementor-element-8d95a5e\" data-id=\"8d95a5e\" data-element_type=\"column\">\n\t\t\t<div class=\"elementor-column-wrap elementor-element-populated\">\n\t\t\t\t\t\t\t<div class=\"elementor-widget-wrap\">\n\t\t\t\t\t\t<div class=\"elementor-element elementor-element-940ff5c elementor-widget elementor-widget-heading\" data-id=\"940ff5c\" data-element_type=\"widget\" data-widget_type=\"heading.default\">\n\t\t\t\t<div class=\"elementor-widget-container\">\n\t\t\t<h2 class=\"elementor-heading-title elementor-size-default\">Sigues un observer de l\u2019associaci\u00f3<\/h2>\t\t<\/div>\n\t\t\t\t<\/div>\n\t\t\t\t<div class=\"elementor-element elementor-element-f87c719 elementor-widget elementor-widget-text-editor\" data-id=\"f87c719\" data-element_type=\"widget\" data-widget_type=\"text-editor.default\">\n\t\t\t\t<div class=\"elementor-widget-container\">\n\t\t\t\t\t\t\t\t<div class=\"elementor-text-editor elementor-clearfix\">\n\t\t\t\t<p>Tens ganes de saber qu\u00e8 fem? Vols venir a una reuni\u00f3 setmanal? T\u2019agradaria convertir-te en un membre oficial de BEST Barcelona i gaudir de les possibilitats de formaci\u00f3 i viatge internes que t\u2019ofereix, a la vegada que contribueixes a fer possible tot el que fem? Omple el formulari seg\u00fcent i converteix-te en un \u201cobserver\u201d, \u00e9s a dir, una persona interessada en BEST. Et subscriurem a una llista de correu on se t\u2019informar\u00e0 de totes les reunions i activitats que fem.<\/p><p>Si tens dubtes escriu-nos a <strong><span style=\"color: #333399;\"><a style=\"color: #333399;\" href=\"mailto:contact@bestbarcelona.org\">contact@bestbarcelona.org<\/a><\/span><\/strong> o per <strong><span style=\"color: #333399;\"><a style=\"color: #333399;\" href=\"https:\/\/www.instagram.com\/bestupc\/\">Instagram<\/a>.<\/span><\/strong><\/p>\t\t\t\t\t<\/div>\n\t\t\t\t\t\t<\/div>\n\t\t\t\t<\/div>\n\t\t\t\t<div class=\"elementor-element elementor-element-548aa0d elementor-widget elementor-widget-spacer\" data-id=\"548aa0d\" data-element_type=\"widget\" data-widget_type=\"spacer.default\">\n\t\t\t\t<div class=\"elementor-widget-container\">\n\t\t\t\t\t<div class=\"elementor-spacer\">\n\t\t\t<div class=\"elementor-spacer-inner\"><\/div>\n\t\t<\/div>\n\t\t\t\t<\/div>\n\t\t\t\t<\/div>\n\t\t\t\t<div class=\"elementor-element elementor-element-724e06c elementor-align-center elementor-widget elementor-widget-button\" data-id=\"724e06c\" data-element_type=\"widget\" data-widget_type=\"button.default\">\n\t\t\t\t<div class=\"elementor-widget-container\">\n\t\t\t\t\t<div class=\"elementor-button-wrapper\">\n\t\t\t<a href=\"https:\/\/forms.gle\/tPVsrzNFaKJhzbJ96\" class=\"elementor-button-link elementor-button elementor-size-sm\" role=\"button\">\n\t\t\t\t\t\t<span class=\"elementor-button-content-wrapper\">\n\t\t\t\t\t\t<span class=\"elementor-button-text\">Vull ser un observer<\/span>\n\t\t<\/span>\n\t\t\t\t\t<\/a>\n\t\t<\/div>\n\t\t\t\t<\/div>\n\t\t\t\t<\/div>\n\t\t\t\t\t\t<\/div>\n\t\t\t\t\t<\/div>\n\t\t<\/div>\n\t\t\t\t<div class=\"elementor-column elementor-col-50 elementor-top-column elementor-element elementor-element-0d4ecb6\" data-id=\"0d4ecb6\" data-element_type=\"column\">\n\t\t\t<div class=\"elementor-column-wrap elementor-element-populated\">\n\t\t\t\t\t\t\t<div class=\"elementor-widget-wrap\">\n\t\t\t\t\t\t<div class=\"elementor-element elementor-element-0f40fce elementor-widget elementor-widget-image\" data-id=\"0f40fce\" data-element_type=\"widget\" data-widget_type=\"image.default\">\n\t\t\t\t<div class=\"elementor-widget-container\">\n\t\t\t\t\t\t\t\t<div class=\"elementor-image\">\n\t\t\t\t\t\t\t\t\t\t\t\t<img decoding=async data-opt-id=1303409706  fetchpriority=\"high\" src=\"https:\/\/mln8vywpe8we.i.optimole.com\/w:auto\/h:auto\/q:mauto\/f:best\/ig:avif\/https:\/\/bestbarcelona.org\/web\/wp-content\/uploads\/2020\/08\/header2.jpg\" title=\"header2\" alt=\"header2\" loading=\"lazy\" \/>\t\t\t\t\t\t\t\t\t\t\t\t\t\t<\/div>\n\t\t\t\t\t\t<\/div>\n\t\t\t\t<\/div>\n\t\t\t\t<div class=\"elementor-element elementor-element-72cd67c elementor-widget elementor-widget-heading\" data-id=\"72cd67c\" data-element_type=\"widget\" data-widget_type=\"heading.default\">\n\t\t\t\t<div class=\"elementor-widget-container\">\n\t\t\t<h5 class=\"elementor-heading-title elementor-size-default\">El llibret de benvinguda<\/h5>\t\t<\/div>\n\t\t\t\t<\/div>\n\t\t\t\t<div class=\"elementor-element elementor-element-6e270ed elementor-widget elementor-widget-image\" data-id=\"6e270ed\" data-element_type=\"widget\" data-widget_type=\"image.default\">\n\t\t\t\t<div class=\"elementor-widget-container\">\n\t\t\t\t\t\t\t\t<div class=\"elementor-image\">\n\t\t\t\t\t\t\t\t\t\t\t\t<img decoding=async data-opt-id=1501837672  fetchpriority=\"high\" width=\"300\" height=\"300\" src=\"https:\/\/mln8vywpe8we.i.optimole.com\/w:300\/h:300\/q:mauto\/f:best\/ig:avif\/https:\/\/bestbarcelona.org\/web\/wp-content\/uploads\/2022\/09\/Welcome-Book-QR.png\" class=\"attachment-medium size-medium wp-image-22000\" alt=\"\" srcset=\"https:\/\/mln8vywpe8we.i.optimole.com\/w:300\/h:300\/q:mauto\/f:best\/ig:avif\/https:\/\/bestbarcelona.org\/web\/wp-content\/uploads\/2022\/09\/Welcome-Book-QR.png 300w, https:\/\/mln8vywpe8we.i.optimole.com\/w:80\/h:80\/q:mauto\/f:best\/ig:avif\/dpr:2\/https:\/\/bestbarcelona.org\/web\/wp-content\/uploads\/2022\/09\/Welcome-Book-QR.png 80w, https:\/\/mln8vywpe8we.i.optimole.com\/w:768\/h:768\/q:mauto\/f:best\/ig:avif\/https:\/\/bestbarcelona.org\/web\/wp-content\/uploads\/2022\/09\/Welcome-Book-QR.png 768w, https:\/\/mln8vywpe8we.i.optimole.com\/w:920\/h:920\/q:mauto\/f:best\/ig:avif\/https:\/\/bestbarcelona.org\/web\/wp-content\/uploads\/2022\/09\/Welcome-Book-QR.png 920w, https:\/\/mln8vywpe8we.i.optimole.com\/w:230\/h:230\/q:mauto\/f:best\/ig:avif\/https:\/\/bestbarcelona.org\/web\/wp-content\/uploads\/2022\/09\/Welcome-Book-QR.png 230w, https:\/\/mln8vywpe8we.i.optimole.com\/w:350\/h:350\/q:mauto\/f:best\/ig:avif\/https:\/\/bestbarcelona.org\/web\/wp-content\/uploads\/2022\/09\/Welcome-Book-QR.png 350w, https:\/\/mln8vywpe8we.i.optimole.com\/w:480\/h:480\/q:mauto\/f:best\/ig:avif\/https:\/\/bestbarcelona.org\/web\/wp-content\/uploads\/2022\/09\/Welcome-Book-QR.png 480w, https:\/\/mln8vywpe8we.i.optimole.com\/w:1015\/h:1015\/q:mauto\/f:best\/ig:avif\/https:\/\/bestbarcelona.org\/web\/wp-content\/uploads\/2022\/09\/Welcome-Book-QR.png 1015w\" sizes=\"(max-width: 300px) 100vw, 300px\" \/>\t\t\t\t\t\t\t\t\t\t\t\t\t\t<\/div>\n\t\t\t\t\t\t<\/div>\n\t\t\t\t<\/div>\n\t\t\t\t\t\t<\/div>\n\t\t\t\t\t<\/div>\n\t\t<\/div>\n\t\t\t\t\t\t\t\t<\/div>\n\t\t\t\t\t<\/div>\n\t\t<\/section>\n\t\t\t\t<section class=\"elementor-section elementor-top-section elementor-element elementor-element-b4ec556 elementor-section-stretched elementor-section-boxed elementor-section-height-default elementor-section-height-default\" data-id=\"b4ec556\" data-element_type=\"section\" data-settings=\"{&quot;stretch_section&quot;:&quot;section-stretched&quot;}\">\n\t\t\t\t\t\t<div class=\"elementor-container elementor-column-gap-default\">\n\t\t\t\t\t\t\t<div class=\"elementor-row\">\n\t\t\t\t\t<div class=\"elementor-column elementor-col-100 elementor-top-column elementor-element elementor-element-79273b3\" data-id=\"79273b3\" data-element_type=\"column\">\n\t\t\t<div class=\"elementor-column-wrap elementor-element-populated\">\n\t\t\t\t\t\t\t<div class=\"elementor-widget-wrap\">\n\t\t\t\t\t\t<div class=\"elementor-element elementor-element-890990e elementor-widget-divider--view-line elementor-widget elementor-widget-divider\" data-id=\"890990e\" data-element_type=\"widget\" data-widget_type=\"divider.default\">\n\t\t\t\t<div class=\"elementor-widget-container\">\n\t\t\t\t\t<div class=\"elementor-divider\">\n\t\t\t<span class=\"elementor-divider-separator\">\n\t\t\t\t\t\t<\/span>\n\t\t<\/div>\n\t\t\t\t<\/div>\n\t\t\t\t<\/div>\n\t\t\t\t<div class=\"elementor-element elementor-element-918e96c elementor-position-left elementor-view-default elementor-mobile-position-top elementor-vertical-align-top elementor-widget elementor-widget-icon-box\" data-id=\"918e96c\" data-element_type=\"widget\" data-widget_type=\"icon-box.default\">\n\t\t\t\t<div class=\"elementor-widget-container\">\n\t\t\t\t\t<div class=\"elementor-icon-box-wrapper\">\n\t\t\t\t\t\t<div class=\"elementor-icon-box-icon\">\n\t\t\t\t<span class=\"elementor-icon elementor-animation-\" >\n\t\t\t\t<i aria-hidden=\"true\" class=\"fas fa-map-marker-alt\"><\/i>\t\t\t\t<\/span>\n\t\t\t<\/div>\n\t\t\t\t\t\t<div class=\"elementor-icon-box-content\">\n\t\t\t\t<h3 class=\"elementor-icon-box-title\">\n\t\t\t\t\t<span  >\n\t\t\t\t\t\tOn som?\t\t\t\t\t<\/span>\n\t\t\t\t<\/h3>\n\t\t\t\t\t\t\t<\/div>\n\t\t<\/div>\n\t\t\t\t<\/div>\n\t\t\t\t<\/div>\n\t\t\t\t<div class=\"elementor-element elementor-element-c09e04e elementor-widget__width-inherit elementor-widget elementor-widget-text-editor\" data-id=\"c09e04e\" data-element_type=\"widget\" data-widget_type=\"text-editor.default\">\n\t\t\t\t<div class=\"elementor-widget-container\">\n\t\t\t\t\t\t\t\t<div class=\"elementor-text-editor elementor-clearfix\">\n\t\t\t\t<h3>Despatxos<\/h3><h5>Seu social:<\/h5><p>Carrer Gran Capit\u00e0, S\/N.<br \/>Edifici A3 \u2013 Despatx S105.<br \/>Campus Diagonal Nord UPC, 08034 Barcelona.<\/p><p>Tamb\u00e9 som a:<\/p><p>Avinguda Diagonal, 647.<br \/>Escola T\u00e8cnica Superior d&#8217;Enginyeria Industrial de Barcelona (Edifici H)<br \/>Planta Baixa (a la dreta dels ascensors).<br \/>Campus Diagonal Sud UPC, 08028 Barcelona.<\/p>\t\t\t\t\t<\/div>\n\t\t\t\t\t\t<\/div>\n\t\t\t\t<\/div>\n\t\t\t\t<div class=\"elementor-element elementor-element-05468e3 elementor-widget elementor-widget-text-editor\" data-id=\"05468e3\" data-element_type=\"widget\" data-widget_type=\"text-editor.default\">\n\t\t\t\t<div class=\"elementor-widget-container\">\n\t\t\t\t\t\t\t\t<div class=\"elementor-text-editor elementor-clearfix\">\n\t\t\t\t<p><span style=\"color: #443f3f; font-family: Poppins; font-size: 32px; font-weight: 600;\">Reunions setmanals<\/span><strong style=\"color: #808080;\"><br \/><\/strong><b><span style=\"color: #808080;\"><span style=\"color: #000000;\">Divendres a les 19h a la FME de la UPC (o en l\u00ednia)<\/span><\/span><\/b><strong style=\"color: #808080;\"><br \/><\/strong><span style=\"color: #808080;\"><span style=\"color: #000000;\">Demana informaci\u00f3 al nostre Instagram: @bestupc<\/span><\/span><strong style=\"color: #808080;\"><br \/><\/strong><\/p><p>Facultat de Matem\u00e0tiques i Estad\u00edstica, UPC.<br \/>Carrer Pau Gargallo, 14.<br \/>Planta Baixa \u2013 Aula 002.<br \/>Campus Diagonal Sud, 08028 Barcelona.<\/p><p>Els nostres membres son pels seg\u00fcents campus de Barcelona:<\/p>\t\t\t\t\t<\/div>\n\t\t\t\t\t\t<\/div>\n\t\t\t\t<\/div>\n\t\t\t\t<div class=\"elementor-element elementor-element-6f99b2f elementor-align-center elementor-icon-list--layout-traditional elementor-list-item-link-full_width elementor-widget elementor-widget-icon-list\" data-id=\"6f99b2f\" data-element_type=\"widget\" data-widget_type=\"icon-list.default\">\n\t\t\t\t<div class=\"elementor-widget-container\">\n\t\t\t\t\t<ul class=\"elementor-icon-list-items\">\n\t\t\t\t\t\t\t<li class=\"elementor-icon-list-item\">\n\t\t\t\t\t\t\t\t\t\t\t<span class=\"elementor-icon-list-icon\">\n\t\t\t\t\t\t\t<i aria-hidden=\"true\" class=\"fas fa-building\"><\/i>\t\t\t\t\t\t<\/span>\n\t\t\t\t\t\t\t\t\t\t<span class=\"elementor-icon-list-text\">Campus Diagonal-Bes\u00f2s: EEBE.<\/span>\n\t\t\t\t\t\t\t\t\t<\/li>\n\t\t\t\t\t\t\t\t<li class=\"elementor-icon-list-item\">\n\t\t\t\t\t\t\t\t\t\t\t<span class=\"elementor-icon-list-icon\">\n\t\t\t\t\t\t\t<i aria-hidden=\"true\" class=\"fas fa-building\"><\/i>\t\t\t\t\t\t<\/span>\n\t\t\t\t\t\t\t\t\t\t<span class=\"elementor-icon-list-text\">Campus Diagonal Nord: ETSECCPB i FIB.<\/span>\n\t\t\t\t\t\t\t\t\t<\/li>\n\t\t\t\t\t\t\t\t<li class=\"elementor-icon-list-item\">\n\t\t\t\t\t\t\t\t\t\t\t<span class=\"elementor-icon-list-icon\">\n\t\t\t\t\t\t\t<i aria-hidden=\"true\" class=\"fas fa-building\"><\/i>\t\t\t\t\t\t<\/span>\n\t\t\t\t\t\t\t\t\t\t<span class=\"elementor-icon-list-text\">Campus Diagonal Sud: ETSEIB i FME.<\/span>\n\t\t\t\t\t\t\t\t\t<\/li>\n\t\t\t\t\t\t<\/ul>\n\t\t\t\t<\/div>\n\t\t\t\t<\/div>\n\t\t\t\t\t\t<\/div>\n\t\t\t\t\t<\/div>\n\t\t<\/div>\n\t\t\t\t\t\t\t\t<\/div>\n\t\t\t\t\t<\/div>\n\t\t<\/section>\n\t\t\t\t<section class=\"elementor-section elementor-top-section elementor-element elementor-element-7a0a60b elementor-section-full_width elementor-section-stretched elementor-section-height-default elementor-section-height-default\" data-id=\"7a0a60b\" data-element_type=\"section\" data-settings=\"{&quot;stretch_section&quot;:&quot;section-stretched&quot;}\">\n\t\t\t\t\t\t<div class=\"elementor-container elementor-column-gap-default\">\n\t\t\t\t\t\t\t<div class=\"elementor-row\">\n\t\t\t\t\t<div class=\"elementor-column elementor-col-100 elementor-top-column elementor-element elementor-element-f8591ca\" data-id=\"f8591ca\" data-element_type=\"column\">\n\t\t\t<div class=\"elementor-column-wrap elementor-element-populated\">\n\t\t\t\t\t\t\t<div class=\"elementor-widget-wrap\">\n\t\t\t\t\t\t<div class=\"elementor-element elementor-element-239c53d elementor-widget elementor-widget-image\" data-id=\"239c53d\" data-element_type=\"widget\" data-widget_type=\"image.default\">\n\t\t\t\t<div class=\"elementor-widget-container\">\n\t\t\t\t\t\t\t\t<div class=\"elementor-image\">\n\t\t\t\t\t\t\t\t\t\t\t\t<img decoding=async data-opt-id=248578769  fetchpriority=\"high\" width=\"830\" height=\"544\" src=\"https:\/\/mln8vywpe8we.i.optimole.com\/w:830\/h:544\/q:mauto\/f:best\/ig:avif\/https:\/\/bestbarcelona.org\/web\/wp-content\/uploads\/2021\/04\/ReunióLBG_2020.png\" class=\"attachment-sydney-large-thumb size-sydney-large-thumb wp-image-21744\" alt=\"\" srcset=\"https:\/\/mln8vywpe8we.i.optimole.com\/w:830\/h:544\/q:mauto\/f:best\/ig:avif\/https:\/\/bestbarcelona.org\/web\/wp-content\/uploads\/2021\/04\/Reunio\u0301LBG_2020.png 830w, https:\/\/mln8vywpe8we.i.optimole.com\/w:300\/h:197\/q:mauto\/f:best\/ig:avif\/https:\/\/bestbarcelona.org\/web\/wp-content\/uploads\/2021\/04\/Reunio\u0301LBG_2020.png 300w, https:\/\/mln8vywpe8we.i.optimole.com\/w:1030\/h:675\/q:mauto\/f:best\/ig:avif\/https:\/\/bestbarcelona.org\/web\/wp-content\/uploads\/2021\/04\/Reunio\u0301LBG_2020.png 1030w, https:\/\/mln8vywpe8we.i.optimole.com\/w:768\/h:504\/q:mauto\/f:best\/ig:avif\/https:\/\/bestbarcelona.org\/web\/wp-content\/uploads\/2021\/04\/Reunio\u0301LBG_2020.png 768w, https:\/\/mln8vywpe8we.i.optimole.com\/w:230\/h:151\/q:mauto\/f:best\/ig:avif\/https:\/\/bestbarcelona.org\/web\/wp-content\/uploads\/2021\/04\/Reunio\u0301LBG_2020.png 230w, https:\/\/mln8vywpe8we.i.optimole.com\/w:350\/h:230\/q:mauto\/f:best\/ig:avif\/https:\/\/bestbarcelona.org\/web\/wp-content\/uploads\/2021\/04\/Reunio\u0301LBG_2020.png 350w, https:\/\/mln8vywpe8we.i.optimole.com\/w:480\/h:315\/q:mauto\/f:best\/ig:avif\/https:\/\/bestbarcelona.org\/web\/wp-content\/uploads\/2021\/04\/Reunio\u0301LBG_2020.png 480w, https:\/\/mln8vywpe8we.i.optimole.com\/w:1069\/h:701\/q:mauto\/f:best\/ig:avif\/https:\/\/bestbarcelona.org\/web\/wp-content\/uploads\/2021\/04\/Reunio\u0301LBG_2020.png 1069w\" sizes=\"(max-width: 830px) 100vw, 830px\" \/>\t\t\t\t\t\t\t\t\t\t\t\t\t\t<\/div>\n\t\t\t\t\t\t<\/div>\n\t\t\t\t<\/div>\n\t\t\t\t\t\t<\/div>\n\t\t\t\t\t<\/div>\n\t\t<\/div>\n\t\t\t\t\t\t\t\t<\/div>\n\t\t\t\t\t<\/div>\n\t\t<\/section>\n\t\t\t\t\t\t\t\t\t<\/div>\n\t\t\t<\/div>\n\t\t\t\t\t<\/div>\n\t\t","protected":false},"excerpt":{"rendered":"<p>Sigues un observer de l\u2019associaci\u00f3 Tens ganes de saber qu\u00e8 fem? Vols venir a una reuni\u00f3 setmanal? T\u2019agradaria convertir-te en un membre&hellip;<\/p>\n","protected":false},"author":4,"featured_media":0,"parent":0,"menu_order":0,"comment_status":"closed","ping_status":"closed","template":"","meta":[],"_links":{"self":[{"href":"https:\/\/bestbarcelona.org\/web\/wp-json\/wp\/v2\/pages\/21054"}],"collection":[{"href":"https:\/\/bestbarcelona.org\/web\/wp-json\/wp\/v2\/pages"}],"about":[{"href":"https:\/\/bestbarcelona.org\/web\/wp-json\/wp\/v2\/types\/page"}],"author":[{"embeddable":true,"href":"https:\/\/bestbarcelona.org\/web\/wp-json\/wp\/v2\/users\/4"}],"replies":[{"embeddable":true,"href":"https:\/\/bestbarcelona.org\/web\/wp-json\/wp\/v2\/comments?post=21054"}],"version-history":[{"count":11,"href":"https:\/\/bestbarcelona.org\/web\/wp-json\/wp\/v2\/pages\/21054\/revisions"}],"predecessor-version":[{"id":22003,"href":"https:\/\/bestbarcelona.org\/web\/wp-json\/wp\/v2\/pages\/21054\/revisions\/22003"}],"wp:attachment":[{"href":"https:\/\/bestbarcelona.org\/web\/wp-json\/wp\/v2\/media?parent=21054"}],"curies":[{"name":"wp","href":"https:\/\/api.w.org\/{rel}","templated":true}]}}