{"id":21052,"date":"2020-09-01T08:00:19","date_gmt":"2020-09-01T06:00:19","guid":{"rendered":"https:\/\/bestbarcelona.org\/web\/?page_id=21052"},"modified":"2021-05-17T10:38:09","modified_gmt":"2021-05-17T08:38:09","slug":"courses-en","status":"publish","type":"page","link":"https:\/\/bestbarcelona.org\/web\/en\/courses-en\/","title":{"rendered":"Courses"},"content":{"rendered":"\t\t<div data-elementor-type=\"wp-page\" data-elementor-id=\"21052\" class=\"elementor elementor-21052\">\n\t\t\t\t\t\t<div class=\"elementor-inner\">\n\t\t\t\t<div class=\"elementor-section-wrap\">\n\t\t\t\t\t\t\t\t\t<section class=\"elementor-section elementor-top-section elementor-element elementor-element-72d98d7 elementor-section-stretched elementor-section-boxed elementor-section-height-default elementor-section-height-default\" data-id=\"72d98d7\" data-element_type=\"section\" data-settings=\"{&quot;stretch_section&quot;:&quot;section-stretched&quot;}\">\n\t\t\t\t\t\t<div class=\"elementor-container elementor-column-gap-default\">\n\t\t\t\t\t\t\t<div class=\"elementor-row\">\n\t\t\t\t\t<div class=\"elementor-column elementor-col-100 elementor-top-column elementor-element elementor-element-8966fd8\" data-id=\"8966fd8\" data-element_type=\"column\">\n\t\t\t<div class=\"elementor-column-wrap elementor-element-populated\">\n\t\t\t\t\t\t\t<div class=\"elementor-widget-wrap\">\n\t\t\t\t\t\t<div class=\"elementor-element elementor-element-7b89550 elementor-widget elementor-widget-image\" data-id=\"7b89550\" data-element_type=\"widget\" data-widget_type=\"image.default\">\n\t\t\t\t<div class=\"elementor-widget-container\">\n\t\t\t\t\t\t\t\t<div class=\"elementor-image\">\n\t\t\t\t\t\t\t\t\t\t\t\t<img decoding=async data-opt-id=1852110171  fetchpriority=\"high\" width=\"300\" height=\"104\" src=\"https:\/\/mln8vywpe8we.i.optimole.com\/w:300\/h:104\/q:mauto\/f:best\/ig:avif\/https:\/\/bestbarcelona.org\/web\/wp-content\/uploads\/2020\/09\/BEST-Courses-Logo.png\" class=\"attachment-medium size-medium wp-image-21151\" alt=\"\" srcset=\"https:\/\/mln8vywpe8we.i.optimole.com\/w:300\/h:104\/q:mauto\/f:best\/ig:avif\/https:\/\/bestbarcelona.org\/web\/wp-content\/uploads\/2020\/09\/BEST-Courses-Logo.png 300w, https:\/\/mln8vywpe8we.i.optimole.com\/w:230\/h:80\/q:mauto\/f:best\/ig:avif\/https:\/\/bestbarcelona.org\/web\/wp-content\/uploads\/2020\/09\/BEST-Courses-Logo.png 230w, https:\/\/mln8vywpe8we.i.optimole.com\/w:350\/h:122\/q:mauto\/f:best\/ig:avif\/https:\/\/bestbarcelona.org\/web\/wp-content\/uploads\/2020\/09\/BEST-Courses-Logo.png 350w, https:\/\/mln8vywpe8we.i.optimole.com\/w:480\/h:167\/q:mauto\/f:best\/ig:avif\/https:\/\/bestbarcelona.org\/web\/wp-content\/uploads\/2020\/09\/BEST-Courses-Logo.png 480w, https:\/\/mln8vywpe8we.i.optimole.com\/w:655\/h:228\/q:mauto\/f:best\/ig:avif\/https:\/\/bestbarcelona.org\/web\/wp-content\/uploads\/2020\/09\/BEST-Courses-Logo.png 655w\" sizes=\"(max-width: 300px) 100vw, 300px\" \/>\t\t\t\t\t\t\t\t\t\t\t\t\t\t<\/div>\n\t\t\t\t\t\t<\/div>\n\t\t\t\t<\/div>\n\t\t\t\t<section class=\"elementor-section elementor-inner-section elementor-element elementor-element-abcc9eb elementor-section-boxed elementor-section-height-default elementor-section-height-default\" data-id=\"abcc9eb\" data-element_type=\"section\">\n\t\t\t\t\t\t<div class=\"elementor-container elementor-column-gap-default\">\n\t\t\t\t\t\t\t<div class=\"elementor-row\">\n\t\t\t\t\t<div class=\"elementor-column elementor-col-50 elementor-inner-column elementor-element elementor-element-0e9b49b\" data-id=\"0e9b49b\" data-element_type=\"column\">\n\t\t\t<div class=\"elementor-column-wrap elementor-element-populated\">\n\t\t\t\t\t\t\t<div class=\"elementor-widget-wrap\">\n\t\t\t\t\t\t<div class=\"elementor-element elementor-element-b27b202 elementor-button-warning elementor-align-justify elementor-widget elementor-widget-button\" data-id=\"b27b202\" data-element_type=\"widget\" data-widget_type=\"button.default\">\n\t\t\t\t<div class=\"elementor-widget-container\">\n\t\t\t\t\t<div class=\"elementor-button-wrapper\">\n\t\t\t<a href=\"https:\/\/www.best.eu.org\/courses\/list.jsp\" class=\"elementor-button-link elementor-button elementor-size-sm\" role=\"button\">\n\t\t\t\t\t\t<span class=\"elementor-button-content-wrapper\">\n\t\t\t\t\t\t<span class=\"elementor-button-text\">LINK TO THE LIST OF COURSES<\/span>\n\t\t<\/span>\n\t\t\t\t\t<\/a>\n\t\t<\/div>\n\t\t\t\t<\/div>\n\t\t\t\t<\/div>\n\t\t\t\t\t\t<\/div>\n\t\t\t\t\t<\/div>\n\t\t<\/div>\n\t\t\t\t<div class=\"elementor-column elementor-col-50 elementor-inner-column elementor-element elementor-element-72baef9\" data-id=\"72baef9\" data-element_type=\"column\">\n\t\t\t<div class=\"elementor-column-wrap elementor-element-populated\">\n\t\t\t\t\t\t\t<div class=\"elementor-widget-wrap\">\n\t\t\t\t\t\t<div class=\"elementor-element elementor-element-e1fdfc4 elementor-button-warning elementor-align-justify elementor-widget elementor-widget-button\" data-id=\"e1fdfc4\" data-element_type=\"widget\" data-widget_type=\"button.default\">\n\t\t\t\t<div class=\"elementor-widget-container\">\n\t\t\t\t\t<div class=\"elementor-button-wrapper\">\n\t\t\t<a href=\"http:\/\/best.eu.org\/courses\/howToWriteAMotivationLetter.jsp\" target=\"_blank\" class=\"elementor-button-link elementor-button elementor-size-sm\" role=\"button\">\n\t\t\t\t\t\t<span class=\"elementor-button-content-wrapper\">\n\t\t\t\t\t\t<span class=\"elementor-button-text\">HOW TO WRITE A MOTIVATIONAL LETTER<\/span>\n\t\t<\/span>\n\t\t\t\t\t<\/a>\n\t\t<\/div>\n\t\t\t\t<\/div>\n\t\t\t\t<\/div>\n\t\t\t\t\t\t<\/div>\n\t\t\t\t\t<\/div>\n\t\t<\/div>\n\t\t\t\t\t\t\t\t<\/div>\n\t\t\t\t\t<\/div>\n\t\t<\/section>\n\t\t\t\t<div class=\"elementor-element elementor-element-399abf5 elementor-widget elementor-widget-text-editor\" data-id=\"399abf5\" data-element_type=\"widget\" data-widget_type=\"text-editor.default\">\n\t\t\t\t<div class=\"elementor-widget-container\">\n\t\t\t\t\t\t\t\t<div class=\"elementor-text-editor elementor-clearfix\">\n\t\t\t\t<h4><strong>A gateway to Europe<\/strong><\/h4><p>Our courses of BEST are a unique oportunity for UPC students. BEST Barcelona opens the doors to Europe letting you learn, travel and meet people overseas and improve your english level, while you are having fun. Accomodation, meals, transport and so on, all in charge of the organisers. Only think about how to arrive to the meeting point.<\/p><p><strong>Don&#8217;t worry about anything else!<\/strong><\/p><h4><strong>Academic part<\/strong><\/h4><p>In a BEST course, participants attend to classes taught by professiors or field experts; Often you will visit companies, industrial plants or research centres. All topics are related with technologies, economy, marketing and organization. At the end of the course, participants will take and exam, to evaluate their skills and the results. DON&#8217;T worry about it, all classes are mandatory and they ask things taught before, so be sure that obtain your certificate that will let you getting ECTS points.<\/p><h4><strong>Cultural part<\/strong><\/h4><p>That is regarding the academic part. But what else could you find in a BEST course?<\/p><p>What makes the difference in\u00a0 BEST is that local groups which organise the courses (as we do in BEST Barcelona) goes beyond the academic part. In a BEST course all day is planned. There is some free time, but most of the rest is filled with activities prepared by organisers: guided tours to the city, icebreaking games, trips, night activities&#8230; Is a typical one, the \u201cInternational Evening\u201d, on which all the participants bring traditional products from their countries to share with the rest.<\/p>\t\t\t\t\t<\/div>\n\t\t\t\t\t\t<\/div>\n\t\t\t\t<\/div>\n\t\t\t\t<div class=\"elementor-element elementor-element-b04b84d elementor-widget elementor-widget-toggle\" data-id=\"b04b84d\" data-element_type=\"widget\" data-widget_type=\"toggle.default\">\n\t\t\t\t<div class=\"elementor-widget-container\">\n\t\t\t\t\t<div class=\"elementor-toggle\" role=\"tablist\">\n\t\t\t\t\t\t\t<div class=\"elementor-toggle-item\">\n\t\t\t\t\t<div id=\"elementor-tab-title-1841\" class=\"elementor-tab-title\" data-tab=\"1\" role=\"tab\" aria-controls=\"elementor-tab-content-1841\" aria-expanded=\"false\">\n\t\t\t\t\t\t\t\t\t\t\t\t<span class=\"elementor-toggle-icon elementor-toggle-icon-left\" aria-hidden=\"true\">\n\t\t\t\t\t\t\t\t\t\t\t\t\t\t\t<span class=\"elementor-toggle-icon-closed\"><i class=\"fas fa-caret-right\"><\/i><\/span>\n\t\t\t\t\t\t\t\t<span class=\"elementor-toggle-icon-opened\"><i class=\"elementor-toggle-icon-opened fas fa-caret-up\"><\/i><\/span>\n\t\t\t\t\t\t\t\t\t\t\t\t\t<\/span>\n\t\t\t\t\t\t\t\t\t\t\t\t<a href=\"\" class=\"elementor-toggle-title\">Who take part in?<\/a>\n\t\t\t\t\t<\/div>\n\n\t\t\t\t\t<div id=\"elementor-tab-content-1841\" class=\"elementor-tab-content elementor-clearfix\" data-tab=\"1\" role=\"tabpanel\" aria-labelledby=\"elementor-tab-title-1841\"><p>BEST is a network of 93 local groups distributed around 33 european countries. Each group belongs to one university and let their students apply for the courses.\u00a0 In a BEST course there are between 20-30 participants, and is common to have equal number\u00a0of female\u00a0and male. They are all studying in the field of technology, who want enjoy a unique experience, and disconnect from the routine.<\/p><\/div>\n\t\t\t\t<\/div>\n\t\t\t\t\t\t\t<div class=\"elementor-toggle-item\">\n\t\t\t\t\t<div id=\"elementor-tab-title-1842\" class=\"elementor-tab-title\" data-tab=\"2\" role=\"tab\" aria-controls=\"elementor-tab-content-1842\" aria-expanded=\"false\">\n\t\t\t\t\t\t\t\t\t\t\t\t<span class=\"elementor-toggle-icon elementor-toggle-icon-left\" aria-hidden=\"true\">\n\t\t\t\t\t\t\t\t\t\t\t\t\t\t\t<span class=\"elementor-toggle-icon-closed\"><i class=\"fas fa-caret-right\"><\/i><\/span>\n\t\t\t\t\t\t\t\t<span class=\"elementor-toggle-icon-opened\"><i class=\"elementor-toggle-icon-opened fas fa-caret-up\"><\/i><\/span>\n\t\t\t\t\t\t\t\t\t\t\t\t\t<\/span>\n\t\t\t\t\t\t\t\t\t\t\t\t<a href=\"\" class=\"elementor-toggle-title\">Where do they take place?<\/a>\n\t\t\t\t\t<\/div>\n\n\t\t\t\t\t<div id=\"elementor-tab-content-1842\" class=\"elementor-tab-content elementor-clearfix\" data-tab=\"2\" role=\"tabpanel\" aria-labelledby=\"elementor-tab-title-1842\"><p>Our courses are celebrated in every of the 93 Local Best Group (at least once a year).<\/p><p>Most of the accomodations are on the resident area of the university, while others are in the hostel. Anyways, don&#8217;t worry about it, even though, if you arrive earlier or leave later, is highly likely that you might be hosted in some of the organiser&#8217;s house.<\/p><\/div>\n\t\t\t\t<\/div>\n\t\t\t\t\t\t\t<div class=\"elementor-toggle-item\">\n\t\t\t\t\t<div id=\"elementor-tab-title-1843\" class=\"elementor-tab-title\" data-tab=\"3\" role=\"tab\" aria-controls=\"elementor-tab-content-1843\" aria-expanded=\"false\">\n\t\t\t\t\t\t\t\t\t\t\t\t<span class=\"elementor-toggle-icon elementor-toggle-icon-left\" aria-hidden=\"true\">\n\t\t\t\t\t\t\t\t\t\t\t\t\t\t\t<span class=\"elementor-toggle-icon-closed\"><i class=\"fas fa-caret-right\"><\/i><\/span>\n\t\t\t\t\t\t\t\t<span class=\"elementor-toggle-icon-opened\"><i class=\"elementor-toggle-icon-opened fas fa-caret-up\"><\/i><\/span>\n\t\t\t\t\t\t\t\t\t\t\t\t\t<\/span>\n\t\t\t\t\t\t\t\t\t\t\t\t<a href=\"\" class=\"elementor-toggle-title\">When are they celebrated?<\/a>\n\t\t\t\t\t<\/div>\n\n\t\t\t\t\t<div id=\"elementor-tab-content-1843\" class=\"elementor-tab-content elementor-clearfix\" data-tab=\"3\" role=\"tabpanel\" aria-labelledby=\"elementor-tab-title-1843\"><p>There are four seasons to apply for BEST courses: autumn, winter, spring and summer. Depends on the course, its duration may vary, but in general, all courses last between one and two weeks.<\/p><\/div>\n\t\t\t\t<\/div>\n\t\t\t\t\t\t\t<div class=\"elementor-toggle-item\">\n\t\t\t\t\t<div id=\"elementor-tab-title-1844\" class=\"elementor-tab-title\" data-tab=\"4\" role=\"tab\" aria-controls=\"elementor-tab-content-1844\" aria-expanded=\"false\">\n\t\t\t\t\t\t\t\t\t\t\t\t<span class=\"elementor-toggle-icon elementor-toggle-icon-left\" aria-hidden=\"true\">\n\t\t\t\t\t\t\t\t\t\t\t\t\t\t\t<span class=\"elementor-toggle-icon-closed\"><i class=\"fas fa-caret-right\"><\/i><\/span>\n\t\t\t\t\t\t\t\t<span class=\"elementor-toggle-icon-opened\"><i class=\"elementor-toggle-icon-opened fas fa-caret-up\"><\/i><\/span>\n\t\t\t\t\t\t\t\t\t\t\t\t\t<\/span>\n\t\t\t\t\t\t\t\t\t\t\t\t<a href=\"\" class=\"elementor-toggle-title\">How much do they cost?<\/a>\n\t\t\t\t\t<\/div>\n\n\t\t\t\t\t<div id=\"elementor-tab-content-1844\" class=\"elementor-tab-content elementor-clearfix\" data-tab=\"4\" role=\"tabpanel\" aria-labelledby=\"elementor-tab-title-1844\"><p>The best part is yet to come. Surely you have been thinking all of this will cost a fortune (Accommodation, meals, classes, transport&#8230;). Is true that is huge expensive, but, as the method of working in BEST is a way of exchange, you will only pay up to 45\u20ac. All the rest is in charge of us. The local groups organise courses for foreign students and them have rights to apply for courses abroad.L&#8217;\u00fanic que correr\u00e0 a compte teu ser\u00e0 el despla\u00e7ament a la ciutat on es fa el curs.<\/p><p>The only secret you may have known is <strong><a href=\"http:\/\/best.eu.org\/courses\/howToWriteAMotivationLetter.jsp\" target=\"_blank\" rel=\"noopener\">how<\/a> <\/strong>do you apply for them.<\/p><\/div>\n\t\t\t\t<\/div>\n\t\t\t\t\t\t\t\t<\/div>\n\t\t\t\t<\/div>\n\t\t\t\t<\/div>\n\t\t\t\t<div class=\"elementor-element elementor-element-38ef516 elementor-widget elementor-widget-html\" data-id=\"38ef516\" data-element_type=\"widget\" data-widget_type=\"html.default\">\n\t\t\t\t<div class=\"elementor-widget-container\">\n\t\t\t<div id=\"testimonial_rotator_wrap_21357\" class=\"testimonial_rotator_wrap with-prevnext \">\n\t<div id=\"testimonial_rotator_21357\" class=\"testimonial_rotator  cycletwo-slideshow format-rotator template-longform hreview-aggregate \" data-cycletwo-timeout=\"5000\" data-cycletwo-speed=\"2000\" data-cycletwo-pause-on-hover=\"true\"  data-cycletwo-swipe=\"true\" data-cycletwo-fx=\"fade\" data-cycletwo-auto-height=\"calc\"  data-cycletwo-next=\"#testimonial_rotator_wrap_21357 .testimonial_rotator_next\" data-cycletwo-prev=\"#testimonial_rotator_wrap_21357 .testimonial_rotator_prev\" data-cycletwo-slides=\"> div.slide\" data-cycletwo-log=\"false\" >\n<div class=\"slide slide1 testimonial_rotator_slide hreview itemreviewed item  cf-tr\">\n<div class=\"text testimonial_rotator_description\">\n<div class=\"testimonial_rotator_quote\">\n\"It was one of the most beautiful experiences of my life and certainly the funniest\"<\/div>\n<hr class=\"longform_hr\"><div class=\"testimonial_rotator_author_info cf-tr\">\n<p>Participant of our Autumn Course 2019<\/p>\n<\/div>\n<\/div>\n\t<div class=\"testimonial_rotator_microdata\">\n\t<div class=\"item\"><div class=\"fn\">BEST Barcelona<\/div><\/div>\n\t<div class=\"dtreviewed\"> 2020-09-27T18:23:55+02:00<\/div>\t<div class=\"reviewer\"> \t<div class=\"fn\"> <p>Participant of our Autumn Course 2019<\/p>\n<\/div>\t<\/div>\"It was one of the most beautiful experiences of my life and certainly the funniest\"\t<div class=\"summary\"> <\/div>\t<div class=\"permalink\"> https:\/\/bestbarcelona.org\/web\/testimonials\/21384\/<\/div>\t<\/div><!-- .testimonial_rotator_microdata -->\n<\/div>\n<div class=\"slide slide2 testimonial_rotator_slide hreview itemreviewed item  cf-tr\">\n<div class=\"text testimonial_rotator_description\">\n<div class=\"testimonial_rotator_quote\">\n\"I don't regret for coming to this experience; it was like a short Erasmus but with full of emotions and activities\"<\/div>\n<hr class=\"longform_hr\"><div class=\"testimonial_rotator_author_info cf-tr\">\n<p>Organiser of our Autumn Course 2019<\/p>\n<\/div>\n<\/div>\n\t<div class=\"testimonial_rotator_microdata\">\n\t<div class=\"item\"><div class=\"fn\">BEST Barcelona<\/div><\/div>\n\t<div class=\"dtreviewed\"> 2020-09-27T16:44:13+02:00<\/div>\t<div class=\"reviewer\"> \t<div class=\"fn\"> <p>Organiser of our Autumn Course 2019<\/p>\n<\/div>\t<\/div>\"I don't regret for coming to this experience; it was like a short Erasmus but with full of emotions and activities\"\t<div class=\"summary\"> <\/div>\t<div class=\"permalink\"> https:\/\/bestbarcelona.org\/web\/testimonials\/aaa\/<\/div>\t<\/div><!-- .testimonial_rotator_microdata -->\n<\/div>\n<div class=\"slide slide3 testimonial_rotator_slide hreview itemreviewed item  cf-tr\">\n<div class=\"text testimonial_rotator_description\">\n<div class=\"testimonial_rotator_quote\">\n\"They not only opened my mind for 3D printing technologies and product design but also increased my social skills and made me a better team member\/leader\"<\/div>\n<hr class=\"longform_hr\"><div class=\"testimonial_rotator_author_info cf-tr\">\n<p>Participant of our Autumn Course 2019<\/p>\n<\/div>\n<\/div>\n\t<div class=\"testimonial_rotator_microdata\">\n\t<div class=\"item\"><div class=\"fn\">BEST Barcelona<\/div><\/div>\n\t<div class=\"dtreviewed\"> 2020-09-27T16:44:37+02:00<\/div>\t<div class=\"reviewer\"> \t<div class=\"fn\"> <p>Participant of our Autumn Course 2019<\/p>\n<\/div>\t<\/div>\"They not only opened my mind for 3D printing technologies and product design but also increased my social skills and made me a better team member\/leader\"\t<div class=\"summary\"> <\/div>\t<div class=\"permalink\"> https:\/\/bestbarcelona.org\/web\/testimonials\/bbb\/<\/div>\t<\/div><!-- .testimonial_rotator_microdata -->\n<\/div>\n<div class=\"testimonial_rotator_microdata\">\n\t<div class=\"rating\">0<\/div>\n\t<div class=\"count\">0<\/div>\n\t<div class=\"item\"><div class=\"fn\">BEST Barcelona<\/div><\/div>\n<\/div>\n<\/div><!-- #testimonial_rotator_21357 -->\n<div class=\"testimonial_rotator_nav\">\t<div class=\"testimonial_rotator_prev\"><i class=\"fa fa-chevron-left\"><\/i><\/div>\t<div class=\"testimonial_rotator_next\"><i class=\"fa fa-chevron-right\"><\/i><\/div><\/div>\n<\/div><!-- .testimonial_rotator_wrap -->\n\n\t\t<\/div>\n\t\t\t\t<\/div>\n\t\t\t\t<div class=\"elementor-element elementor-element-4fc1058 elementor-arrows-position-inside elementor-pagination-position-outside elementor-widget elementor-widget-image-carousel\" data-id=\"4fc1058\" data-element_type=\"widget\" data-settings=\"{&quot;navigation&quot;:&quot;both&quot;,&quot;autoplay&quot;:&quot;yes&quot;,&quot;pause_on_hover&quot;:&quot;yes&quot;,&quot;pause_on_interaction&quot;:&quot;yes&quot;,&quot;autoplay_speed&quot;:5000,&quot;infinite&quot;:&quot;yes&quot;,&quot;speed&quot;:500}\" data-widget_type=\"image-carousel.default\">\n\t\t\t\t<div class=\"elementor-widget-container\">\n\t\t\t\t\t<div class=\"elementor-image-carousel-wrapper swiper-container\" dir=\"ltr\">\n\t\t\t<div class=\"elementor-image-carousel swiper-wrapper swiper-image-stretch\">\n\t\t\t\t\t\t\t\t<div class=\"swiper-slide\"><figure class=\"swiper-slide-inner\"><img decoding=async data-opt-id=271665182  fetchpriority=\"high\" class=\"swiper-slide-image\" src=\"https:\/\/mln8vywpe8we.i.optimole.com\/w:1536\/h:1031\/q:mauto\/f:best\/ig:avif\/https:\/\/bestbarcelona.org\/web\/wp-content\/uploads\/2021\/05\/image1-1.jpg\" alt=\"image1\" \/><\/figure><\/div><div class=\"swiper-slide\"><figure class=\"swiper-slide-inner\"><img decoding=async data-opt-id=1903425358  fetchpriority=\"high\" class=\"swiper-slide-image\" src=\"https:\/\/mln8vywpe8we.i.optimole.com\/w:1536\/h:1017\/q:mauto\/f:best\/ig:avif\/https:\/\/bestbarcelona.org\/web\/wp-content\/uploads\/2021\/05\/king-kong-eiffel-1.jpg\" alt=\"king-kong-eiffel\" \/><\/figure><\/div><div class=\"swiper-slide\"><figure class=\"swiper-slide-inner\"><img decoding=async data-opt-id=1661179473  data-opt-src=\"https:\/\/mln8vywpe8we.i.optimole.com\/w:1440\/h:1080\/q:mauto\/f:best\/ig:avif\/https:\/\/bestbarcelona.org\/web\/wp-content\/uploads\/2021\/05\/best-jumping-1.jpg\"  class=\"swiper-slide-image\" src=\"https:\/\/mln8vywpe8we.i.optimole.com\/w:1440\/h:1080\/q:eco\/f:best\/ig:avif\/https:\/\/bestbarcelona.org\/web\/wp-content\/uploads\/2021\/05\/best-jumping-1.jpg\" alt=\"best-jumping\" \/><\/figure><\/div>\t\t\t<\/div>\n\t\t\t\t\t\t\t\t\t\t\t\t<div class=\"swiper-pagination\"><\/div>\n\t\t\t\t\t\t\t\t\t\t\t\t\t<div class=\"elementor-swiper-button elementor-swiper-button-prev\">\n\t\t\t\t\t\t<i aria-hidden=\"true\" class=\"eicon-chevron-left\"><\/i>\t\t\t\t\t\t<span class=\"elementor-screen-only\">Previous<\/span>\n\t\t\t\t\t<\/div>\n\t\t\t\t\t<div class=\"elementor-swiper-button elementor-swiper-button-next\">\n\t\t\t\t\t\t<i aria-hidden=\"true\" class=\"eicon-chevron-right\"><\/i>\t\t\t\t\t\t<span class=\"elementor-screen-only\">Next<\/span>\n\t\t\t\t\t<\/div>\n\t\t\t\t\t\t\t\t\t<\/div>\n\t\t\t\t<\/div>\n\t\t\t\t<\/div>\n\t\t\t\t\t\t<\/div>\n\t\t\t\t\t<\/div>\n\t\t<\/div>\n\t\t\t\t\t\t\t\t<\/div>\n\t\t\t\t\t<\/div>\n\t\t<\/section>\n\t\t\t\t\t\t\t\t\t<\/div>\n\t\t\t<\/div>\n\t\t\t\t\t<\/div>\n\t\t","protected":false},"excerpt":{"rendered":"<p>LINK TO THE LIST OF COURSES HOW TO WRITE A MOTIVATIONAL LETTER A gateway to Europe Our courses of BEST are a <a href=\"https:\/\/bestbarcelona.org\/web\/testimonials\/aaa\/\" class=\"testimonial-rotator-view-more\">View Full &rarr;<\/a><\/p>\n","protected":false},"author":4,"featured_media":0,"parent":0,"menu_order":0,"comment_status":"closed","ping_status":"closed","template":"","meta":[],"_links":{"self":[{"href":"https:\/\/bestbarcelona.org\/web\/wp-json\/wp\/v2\/pages\/21052"}],"collection":[{"href":"https:\/\/bestbarcelona.org\/web\/wp-json\/wp\/v2\/pages"}],"about":[{"href":"https:\/\/bestbarcelona.org\/web\/wp-json\/wp\/v2\/types\/page"}],"author":[{"embeddable":true,"href":"https:\/\/bestbarcelona.org\/web\/wp-json\/wp\/v2\/users\/4"}],"replies":[{"embeddable":true,"href":"https:\/\/bestbarcelona.org\/web\/wp-json\/wp\/v2\/comments?post=21052"}],"version-history":[{"count":4,"href":"https:\/\/bestbarcelona.org\/web\/wp-json\/wp\/v2\/pages\/21052\/revisions"}],"predecessor-version":[{"id":21860,"href":"https:\/\/bestbarcelona.org\/web\/wp-json\/wp\/v2\/pages\/21052\/revisions\/21860"}],"wp:attachment":[{"href":"https:\/\/bestbarcelona.org\/web\/wp-json\/wp\/v2\/media?parent=21052"}],"curies":[{"name":"wp","href":"https:\/\/api.w.org\/{rel}","templated":true}]}}