{"id":21050,"date":"2020-09-01T08:00:57","date_gmt":"2020-09-01T06:00:57","guid":{"rendered":"https:\/\/bestbarcelona.org\/web\/?page_id=21050"},"modified":"2021-05-17T10:36:25","modified_gmt":"2021-05-17T08:36:25","slug":"courses-es","status":"publish","type":"page","link":"https:\/\/bestbarcelona.org\/web\/es\/courses-es\/","title":{"rendered":"Cursos"},"content":{"rendered":"\t\t<div data-elementor-type=\"wp-page\" data-elementor-id=\"21050\" class=\"elementor elementor-21050\">\n\t\t\t\t\t\t<div class=\"elementor-inner\">\n\t\t\t\t<div class=\"elementor-section-wrap\">\n\t\t\t\t\t\t\t\t\t<section class=\"elementor-section elementor-top-section elementor-element elementor-element-49616a3 elementor-section-boxed elementor-section-height-default elementor-section-height-default\" data-id=\"49616a3\" data-element_type=\"section\">\n\t\t\t\t\t\t<div class=\"elementor-container elementor-column-gap-default\">\n\t\t\t\t\t\t\t<div class=\"elementor-row\">\n\t\t\t\t\t<div class=\"elementor-column elementor-col-100 elementor-top-column elementor-element elementor-element-b93faca\" data-id=\"b93faca\" data-element_type=\"column\">\n\t\t\t<div class=\"elementor-column-wrap\">\n\t\t\t\t\t\t\t<div class=\"elementor-widget-wrap\">\n\t\t\t\t\t\t\t\t<\/div>\n\t\t\t\t\t<\/div>\n\t\t<\/div>\n\t\t\t\t\t\t\t\t<\/div>\n\t\t\t\t\t<\/div>\n\t\t<\/section>\n\t\t\t\t<section class=\"elementor-section elementor-top-section elementor-element elementor-element-464d4c2 elementor-section-stretched elementor-section-boxed elementor-section-height-default elementor-section-height-default\" data-id=\"464d4c2\" data-element_type=\"section\" data-settings=\"{&quot;stretch_section&quot;:&quot;section-stretched&quot;}\">\n\t\t\t\t\t\t<div class=\"elementor-container elementor-column-gap-default\">\n\t\t\t\t\t\t\t<div class=\"elementor-row\">\n\t\t\t\t\t<div class=\"elementor-column elementor-col-100 elementor-top-column elementor-element elementor-element-8751b6f\" data-id=\"8751b6f\" data-element_type=\"column\">\n\t\t\t<div class=\"elementor-column-wrap elementor-element-populated\">\n\t\t\t\t\t\t\t<div class=\"elementor-widget-wrap\">\n\t\t\t\t\t\t<div class=\"elementor-element elementor-element-5b4c8f5 elementor-widget elementor-widget-image\" data-id=\"5b4c8f5\" data-element_type=\"widget\" data-widget_type=\"image.default\">\n\t\t\t\t<div class=\"elementor-widget-container\">\n\t\t\t\t\t\t\t\t<div class=\"elementor-image\">\n\t\t\t\t\t\t\t\t\t\t\t\t<img decoding=async data-opt-id=1852110171  fetchpriority=\"high\" width=\"300\" height=\"104\" src=\"https:\/\/mln8vywpe8we.i.optimole.com\/w:300\/h:104\/q:mauto\/f:best\/ig:avif\/https:\/\/bestbarcelona.org\/web\/wp-content\/uploads\/2020\/09\/BEST-Courses-Logo.png\" class=\"attachment-medium size-medium wp-image-21151\" alt=\"\" srcset=\"https:\/\/mln8vywpe8we.i.optimole.com\/w:300\/h:104\/q:mauto\/f:best\/ig:avif\/https:\/\/bestbarcelona.org\/web\/wp-content\/uploads\/2020\/09\/BEST-Courses-Logo.png 300w, https:\/\/mln8vywpe8we.i.optimole.com\/w:230\/h:80\/q:mauto\/f:best\/ig:avif\/https:\/\/bestbarcelona.org\/web\/wp-content\/uploads\/2020\/09\/BEST-Courses-Logo.png 230w, https:\/\/mln8vywpe8we.i.optimole.com\/w:350\/h:122\/q:mauto\/f:best\/ig:avif\/https:\/\/bestbarcelona.org\/web\/wp-content\/uploads\/2020\/09\/BEST-Courses-Logo.png 350w, https:\/\/mln8vywpe8we.i.optimole.com\/w:480\/h:167\/q:mauto\/f:best\/ig:avif\/https:\/\/bestbarcelona.org\/web\/wp-content\/uploads\/2020\/09\/BEST-Courses-Logo.png 480w, https:\/\/mln8vywpe8we.i.optimole.com\/w:655\/h:228\/q:mauto\/f:best\/ig:avif\/https:\/\/bestbarcelona.org\/web\/wp-content\/uploads\/2020\/09\/BEST-Courses-Logo.png 655w\" sizes=\"(max-width: 300px) 100vw, 300px\" \/>\t\t\t\t\t\t\t\t\t\t\t\t\t\t<\/div>\n\t\t\t\t\t\t<\/div>\n\t\t\t\t<\/div>\n\t\t\t\t<section class=\"elementor-section elementor-inner-section elementor-element elementor-element-a1b916f elementor-section-boxed elementor-section-height-default elementor-section-height-default\" data-id=\"a1b916f\" data-element_type=\"section\">\n\t\t\t\t\t\t<div class=\"elementor-container elementor-column-gap-default\">\n\t\t\t\t\t\t\t<div class=\"elementor-row\">\n\t\t\t\t\t<div class=\"elementor-column elementor-col-50 elementor-inner-column elementor-element elementor-element-bdacc88\" data-id=\"bdacc88\" data-element_type=\"column\">\n\t\t\t<div class=\"elementor-column-wrap elementor-element-populated\">\n\t\t\t\t\t\t\t<div class=\"elementor-widget-wrap\">\n\t\t\t\t\t\t<div class=\"elementor-element elementor-element-59d094d elementor-button-warning elementor-align-justify elementor-widget elementor-widget-button\" data-id=\"59d094d\" data-element_type=\"widget\" data-widget_type=\"button.default\">\n\t\t\t\t<div class=\"elementor-widget-container\">\n\t\t\t\t\t<div class=\"elementor-button-wrapper\">\n\t\t\t<a href=\"https:\/\/www.best.eu.org\/courses\/list.jsp\" target=\"_blank\" class=\"elementor-button-link elementor-button elementor-size-sm\" role=\"button\">\n\t\t\t\t\t\t<span class=\"elementor-button-content-wrapper\">\n\t\t\t\t\t\t<span class=\"elementor-button-text\">ENLACE A LA LISTA DE CURSOS<\/span>\n\t\t<\/span>\n\t\t\t\t\t<\/a>\n\t\t<\/div>\n\t\t\t\t<\/div>\n\t\t\t\t<\/div>\n\t\t\t\t\t\t<\/div>\n\t\t\t\t\t<\/div>\n\t\t<\/div>\n\t\t\t\t<div class=\"elementor-column elementor-col-50 elementor-inner-column elementor-element elementor-element-d318928\" data-id=\"d318928\" data-element_type=\"column\">\n\t\t\t<div class=\"elementor-column-wrap elementor-element-populated\">\n\t\t\t\t\t\t\t<div class=\"elementor-widget-wrap\">\n\t\t\t\t\t\t<div class=\"elementor-element elementor-element-8ba8e6e elementor-button-warning elementor-align-justify elementor-widget elementor-widget-button\" data-id=\"8ba8e6e\" data-element_type=\"widget\" data-widget_type=\"button.default\">\n\t\t\t\t<div class=\"elementor-widget-container\">\n\t\t\t\t\t<div class=\"elementor-button-wrapper\">\n\t\t\t<a href=\"http:\/\/best.eu.org\/courses\/howToWriteAMotivationLetter.jsp\" target=\"_blank\" class=\"elementor-button-link elementor-button elementor-size-sm\" role=\"button\">\n\t\t\t\t\t\t<span class=\"elementor-button-content-wrapper\">\n\t\t\t\t\t\t<span class=\"elementor-button-text\">C\u00d3MO ESCRIBIR UNA MOTIVATIONAL LETTER<\/span>\n\t\t<\/span>\n\t\t\t\t\t<\/a>\n\t\t<\/div>\n\t\t\t\t<\/div>\n\t\t\t\t<\/div>\n\t\t\t\t\t\t<\/div>\n\t\t\t\t\t<\/div>\n\t\t<\/div>\n\t\t\t\t\t\t\t\t<\/div>\n\t\t\t\t\t<\/div>\n\t\t<\/section>\n\t\t\t\t<div class=\"elementor-element elementor-element-6470d87 elementor-widget elementor-widget-text-editor\" data-id=\"6470d87\" data-element_type=\"widget\" data-widget_type=\"text-editor.default\">\n\t\t\t\t<div class=\"elementor-widget-container\">\n\t\t\t\t\t\t\t\t<div class=\"elementor-text-editor elementor-clearfix\">\n\t\t\t\t<h4><strong>Una puerta a Europa<\/strong><\/h4><p>Los cursos BEST son una oportunidad \u00fanica para los estudiantes de la UPC. BEST Barcelona te abre las puertas a Europa para que puedas aprender, viajar, conocer gente de todo el mundo y mejorar tu nivel de ingl\u00e9s a la vez que te lo pasas genial. Alojamiento, comidas, transporte\u2026 todo a cargo de los organizadores del curso. No te deber\u00e1s de preocupar por nada!<\/p><p>\u00a0<\/p><h4><strong>La parte acad\u00e9mica<\/strong><\/h4><p>En un curso BEST los participantes asisten a clases impartidas por profesores universitarios o bien por expertos en la tem\u00e1tica del curso; visitan compa\u00f1\u00edas, plantas industriales o centros de investigaci\u00f3n. Los temas de los cursos acad\u00e9micos cubren diferentes campos de tecnolog\u00eda, econom\u00eda, marketing y organizaci\u00f3n. En finalizar el curso, los participantes hacen un examen preparado especialmente para comprobar los resultados del curso y evaluar su nivel de aprendizaje. Pero no te preocupes per el examen! Las clases son obligat\u00f3rias y se haran preguntas sobre lo que se ha explicado durante el curso, as\u00ed que seguro que obtienes el certificado que despu\u00e9s podr\u00e1s presentar en tu univsersidad para conseguir cr\u00e9ditos ECTS.<\/p><p>\u00a0<\/p><h4><strong>La parte cultural<\/strong><\/h4><p>Hasta aqu\u00ed la parte acad\u00e9mica. Pero qu\u00e9 m\u00e1s encontrar\u00e1s en un curso BEST? La diferencia de BEST es que los grupos locales que organizan los cursos (como por ejemplo BEST Barcelona) no se limitan a la parte acad\u00e9mica. En un curso BEST las 24 horas del d\u00eda estan planificadas. Hay ratos de \u201cfree time\u201d pero la mayor parte del tiempo est\u00e1 ocupada por activitadades con el resto del grupo de participantes y los organizadores: visitas guiadas por la ciudad, juegos para romper el hielo, excursiones, actividades nocturnas\u2026 Es t\u00edpica, por ejemplo, la \u201cInternational Evening\u201d, en la cual todos los participantes llevan productos t\u00edpicos de su pais para ofrecer al resto.<\/p>\t\t\t\t\t<\/div>\n\t\t\t\t\t\t<\/div>\n\t\t\t\t<\/div>\n\t\t\t\t<div class=\"elementor-element elementor-element-8c70f0c elementor-widget elementor-widget-toggle\" data-id=\"8c70f0c\" data-element_type=\"widget\" data-widget_type=\"toggle.default\">\n\t\t\t\t<div class=\"elementor-widget-container\">\n\t\t\t\t\t<div class=\"elementor-toggle\" role=\"tablist\">\n\t\t\t\t\t\t\t<div class=\"elementor-toggle-item\">\n\t\t\t\t\t<div id=\"elementor-tab-title-1471\" class=\"elementor-tab-title\" data-tab=\"1\" role=\"tab\" aria-controls=\"elementor-tab-content-1471\" aria-expanded=\"false\">\n\t\t\t\t\t\t\t\t\t\t\t\t<span class=\"elementor-toggle-icon elementor-toggle-icon-left\" aria-hidden=\"true\">\n\t\t\t\t\t\t\t\t\t\t\t\t\t\t\t<span class=\"elementor-toggle-icon-closed\"><i class=\"fas fa-caret-right\"><\/i><\/span>\n\t\t\t\t\t\t\t\t<span class=\"elementor-toggle-icon-opened\"><i class=\"elementor-toggle-icon-opened fas fa-caret-up\"><\/i><\/span>\n\t\t\t\t\t\t\t\t\t\t\t\t\t<\/span>\n\t\t\t\t\t\t\t\t\t\t\t\t<a href=\"\" class=\"elementor-toggle-title\">\u00bfQui\u00e9n participa?<\/a>\n\t\t\t\t\t<\/div>\n\n\t\t\t\t\t<div id=\"elementor-tab-content-1471\" class=\"elementor-tab-content elementor-clearfix\" data-tab=\"1\" role=\"tabpanel\" aria-labelledby=\"elementor-tab-title-1471\"><p>BEST es una red de 93 grupos locales distribuidos en un total de 33 paises europeos. Cada grupo local pertenece a una universidad diferene y da acceso a sus alumnos a pedir cursos BEST. Es el caso de la UPC donde, a trav\u00e9s de BEST Barcelona, sus alumnos tienen derecho a solicitar los cursos. En un curso BEST participan entre 20 y 30 estudiantes de las 93 universidades donde BEST tiene presencia. Son estudiantes de la rama tecnol\u00f3gica como t\u00fa, con una cosa en com\u00fan: quieren vivir una experiencia \u00fanica, diferente de la rutina de la universidad. Normalmente el nombre de chicos y chicas es equilibrado y el n\u00famero de organizadores varia dependiendo de all\u00ed donde se haga el curso. Una cosa es segura: vayas donde vayas, al volver del viaje habr\u00e1s hecho muy buenos amigos.<\/p><\/div>\n\t\t\t\t<\/div>\n\t\t\t\t\t\t\t<div class=\"elementor-toggle-item\">\n\t\t\t\t\t<div id=\"elementor-tab-title-1472\" class=\"elementor-tab-title\" data-tab=\"2\" role=\"tab\" aria-controls=\"elementor-tab-content-1472\" aria-expanded=\"false\">\n\t\t\t\t\t\t\t\t\t\t\t\t<span class=\"elementor-toggle-icon elementor-toggle-icon-left\" aria-hidden=\"true\">\n\t\t\t\t\t\t\t\t\t\t\t\t\t\t\t<span class=\"elementor-toggle-icon-closed\"><i class=\"fas fa-caret-right\"><\/i><\/span>\n\t\t\t\t\t\t\t\t<span class=\"elementor-toggle-icon-opened\"><i class=\"elementor-toggle-icon-opened fas fa-caret-up\"><\/i><\/span>\n\t\t\t\t\t\t\t\t\t\t\t\t\t<\/span>\n\t\t\t\t\t\t\t\t\t\t\t\t<a href=\"\" class=\"elementor-toggle-title\">\u00bfD\u00f3nde se hacen?<\/a>\n\t\t\t\t\t<\/div>\n\n\t\t\t\t\t<div id=\"elementor-tab-content-1472\" class=\"elementor-tab-content elementor-clearfix\" data-tab=\"2\" role=\"tabpanel\" aria-labelledby=\"elementor-tab-title-1472\"><p>Los cursos BEST se hacen en las 93 universidades donde existen grupos locales.<\/p><p>En muchos cursos los participantes se alojan en una residencia de la propia universidad. En otros casos estar\u00e1s en un hostal. En cualquier caso no te deber\u00e1s de preocupar por el alojamiento, y si llegas unos dias antes o te vas m\u00e1s tarde es muy probable que puedas quedarte en casa de alg\u00fan organizador. Se hace mucha vida en el campus (las clases son all\u00ed) y tambi\u00e9n se visita la ciudad, f\u00e1bricas, empresas o laboratorios, e incluso en alg\u00fan curso se ha llegado a hacer un viaje en avi\u00f3n para irse todo el grupo durante un fin de semana! Los 93 grupos locales realizan como m\u00ednimo un curso al a\u00f1o.<\/p><\/div>\n\t\t\t\t<\/div>\n\t\t\t\t\t\t\t<div class=\"elementor-toggle-item\">\n\t\t\t\t\t<div id=\"elementor-tab-title-1473\" class=\"elementor-tab-title\" data-tab=\"3\" role=\"tab\" aria-controls=\"elementor-tab-content-1473\" aria-expanded=\"false\">\n\t\t\t\t\t\t\t\t\t\t\t\t<span class=\"elementor-toggle-icon elementor-toggle-icon-left\" aria-hidden=\"true\">\n\t\t\t\t\t\t\t\t\t\t\t\t\t\t\t<span class=\"elementor-toggle-icon-closed\"><i class=\"fas fa-caret-right\"><\/i><\/span>\n\t\t\t\t\t\t\t\t<span class=\"elementor-toggle-icon-opened\"><i class=\"elementor-toggle-icon-opened fas fa-caret-up\"><\/i><\/span>\n\t\t\t\t\t\t\t\t\t\t\t\t\t<\/span>\n\t\t\t\t\t\t\t\t\t\t\t\t<a href=\"\" class=\"elementor-toggle-title\">\u00bfCu\u00e1ndo se hacen?<\/a>\n\t\t\t\t\t<\/div>\n\n\t\t\t\t\t<div id=\"elementor-tab-content-1473\" class=\"elementor-tab-content elementor-clearfix\" data-tab=\"3\" role=\"tabpanel\" aria-labelledby=\"elementor-tab-title-1473\"><p>Hay cuatro temporadas para solicitar cursos BEST: oto\u00f1o, invierno, primavera y verano. Dependiendo del curso, la durada de este varia, pero en general todos duran entre una y dos semanas.<\/p><\/div>\n\t\t\t\t<\/div>\n\t\t\t\t\t\t\t<div class=\"elementor-toggle-item\">\n\t\t\t\t\t<div id=\"elementor-tab-title-1474\" class=\"elementor-tab-title\" data-tab=\"4\" role=\"tab\" aria-controls=\"elementor-tab-content-1474\" aria-expanded=\"false\">\n\t\t\t\t\t\t\t\t\t\t\t\t<span class=\"elementor-toggle-icon elementor-toggle-icon-left\" aria-hidden=\"true\">\n\t\t\t\t\t\t\t\t\t\t\t\t\t\t\t<span class=\"elementor-toggle-icon-closed\"><i class=\"fas fa-caret-right\"><\/i><\/span>\n\t\t\t\t\t\t\t\t<span class=\"elementor-toggle-icon-opened\"><i class=\"elementor-toggle-icon-opened fas fa-caret-up\"><\/i><\/span>\n\t\t\t\t\t\t\t\t\t\t\t\t\t<\/span>\n\t\t\t\t\t\t\t\t\t\t\t\t<a href=\"\" class=\"elementor-toggle-title\">\u00bfCu\u00e1nto valen?<\/a>\n\t\t\t\t\t<\/div>\n\n\t\t\t\t\t<div id=\"elementor-tab-content-1474\" class=\"elementor-tab-content elementor-clearfix\" data-tab=\"4\" role=\"tabpanel\" aria-labelledby=\"elementor-tab-title-1474\"><p>Esta es la mejor parte de todo. Seguramente te habr\u00e1s imaginado que todo esto de los cursos BEST es genial pero debe de valer una fortuna. Alojamiento, comidas, clases y transport es mucho dinero.<\/p><p>Pues tienes raz\u00f3n, cuestan mucho pero a t\u00f3 no te costar\u00e1 pr\u00e1cticamente nada. BEST se encarga de esto!!! S\u00ed, lo has le\u00eddo bi\u00e9n: como mucho te pueden pedir hasta 45\u20ac, una cantidad simb\u00f3lica en comparaci\u00f3n con el gasto que te supondria paralo todo. Esto es as\u00ed porque BEST funciona a modo de intercambio: los grupos locales organizan cursos para los estudiantes de fuera y gracias a esto los estudiantes de su universidad tienen derecho a solicitar cursos en el extranjero. Lo \u00fanica que correr\u00e1 a cuenta tuya ser\u00e1 el desplazamiento hasta el lugar del curso.<\/p><p>Si te sorprende que realmente sea tan econ\u00f3mico no le busques los \u201ctres pies al gato\u201d. El secreto se encuentra en <strong><a href=\"http:\/\/best.eu.org\/courses\/howToWriteAMotivationLetter.jsp\" target=\"_blank\" rel=\"noopener\">c\u00f3mo<\/a> <\/strong>se solicitan.<span style=\"color: #555555; font-family: -apple-system, BlinkMacSystemFont, 'Segoe UI', Roboto, Oxygen-Sans, Ubuntu, Cantarell, 'Helvetica Neue', sans-serif; font-size: 13px; background-color: #f9f9f9;\">\u00a0<\/span><\/p><\/div>\n\t\t\t\t<\/div>\n\t\t\t\t\t\t\t\t<\/div>\n\t\t\t\t<\/div>\n\t\t\t\t<\/div>\n\t\t\t\t<div class=\"elementor-element elementor-element-f1c75c3 elementor-widget elementor-widget-html\" data-id=\"f1c75c3\" data-element_type=\"widget\" data-widget_type=\"html.default\">\n\t\t\t\t<div class=\"elementor-widget-container\">\n\t\t\t<div id=\"testimonial_rotator_wrap_21357\" class=\"testimonial_rotator_wrap with-prevnext \">\n\t<div id=\"testimonial_rotator_21357\" class=\"testimonial_rotator  cycletwo-slideshow format-rotator template-longform hreview-aggregate \" data-cycletwo-timeout=\"5000\" data-cycletwo-speed=\"2000\" data-cycletwo-pause-on-hover=\"true\"  data-cycletwo-swipe=\"true\" data-cycletwo-fx=\"fade\" data-cycletwo-auto-height=\"calc\"  data-cycletwo-next=\"#testimonial_rotator_wrap_21357 .testimonial_rotator_next\" data-cycletwo-prev=\"#testimonial_rotator_wrap_21357 .testimonial_rotator_prev\" data-cycletwo-slides=\"> div.slide\" data-cycletwo-log=\"false\" >\n<div class=\"slide slide1 testimonial_rotator_slide hreview itemreviewed item  cf-tr\">\n<div class=\"text testimonial_rotator_description\">\n<div class=\"testimonial_rotator_quote\">\n\"It was one of the most beautiful experiences of my life and certainly the funniest\"<\/div>\n<hr class=\"longform_hr\"><div class=\"testimonial_rotator_author_info cf-tr\">\n<p>Participant of our Autumn Course 2019<\/p>\n<\/div>\n<\/div>\n\t<div class=\"testimonial_rotator_microdata\">\n\t<div class=\"item\"><div class=\"fn\">BEST Barcelona<\/div><\/div>\n\t<div class=\"dtreviewed\"> 2020-09-27T18:23:55+02:00<\/div>\t<div class=\"reviewer\"> \t<div class=\"fn\"> <p>Participant of our Autumn Course 2019<\/p>\n<\/div>\t<\/div>\"It was one of the most beautiful experiences of my life and certainly the funniest\"\t<div class=\"summary\"> <\/div>\t<div class=\"permalink\"> https:\/\/bestbarcelona.org\/web\/testimonials\/21384\/<\/div>\t<\/div><!-- .testimonial_rotator_microdata -->\n<\/div>\n<div class=\"slide slide2 testimonial_rotator_slide hreview itemreviewed item  cf-tr\">\n<div class=\"text testimonial_rotator_description\">\n<div class=\"testimonial_rotator_quote\">\n\"I don't regret for coming to this experience; it was like a short Erasmus but with full of emotions and activities\"<\/div>\n<hr class=\"longform_hr\"><div class=\"testimonial_rotator_author_info cf-tr\">\n<p>Organiser of our Autumn Course 2019<\/p>\n<\/div>\n<\/div>\n\t<div class=\"testimonial_rotator_microdata\">\n\t<div class=\"item\"><div class=\"fn\">BEST Barcelona<\/div><\/div>\n\t<div class=\"dtreviewed\"> 2020-09-27T16:44:13+02:00<\/div>\t<div class=\"reviewer\"> \t<div class=\"fn\"> <p>Organiser of our Autumn Course 2019<\/p>\n<\/div>\t<\/div>\"I don't regret for coming to this experience; it was like a short Erasmus but with full of emotions and activities\"\t<div class=\"summary\"> <\/div>\t<div class=\"permalink\"> https:\/\/bestbarcelona.org\/web\/testimonials\/aaa\/<\/div>\t<\/div><!-- .testimonial_rotator_microdata -->\n<\/div>\n<div class=\"slide slide3 testimonial_rotator_slide hreview itemreviewed item  cf-tr\">\n<div class=\"text testimonial_rotator_description\">\n<div class=\"testimonial_rotator_quote\">\n\"They not only opened my mind for 3D printing technologies and product design but also increased my social skills and made me a better team member\/leader\"<\/div>\n<hr class=\"longform_hr\"><div class=\"testimonial_rotator_author_info cf-tr\">\n<p>Participant of our Autumn Course 2019<\/p>\n<\/div>\n<\/div>\n\t<div class=\"testimonial_rotator_microdata\">\n\t<div class=\"item\"><div class=\"fn\">BEST Barcelona<\/div><\/div>\n\t<div class=\"dtreviewed\"> 2020-09-27T16:44:37+02:00<\/div>\t<div class=\"reviewer\"> \t<div class=\"fn\"> <p>Participant of our Autumn Course 2019<\/p>\n<\/div>\t<\/div>\"They not only opened my mind for 3D printing technologies and product design but also increased my social skills and made me a better team member\/leader\"\t<div class=\"summary\"> <\/div>\t<div class=\"permalink\"> https:\/\/bestbarcelona.org\/web\/testimonials\/bbb\/<\/div>\t<\/div><!-- .testimonial_rotator_microdata -->\n<\/div>\n<div class=\"testimonial_rotator_microdata\">\n\t<div class=\"rating\">0<\/div>\n\t<div class=\"count\">0<\/div>\n\t<div class=\"item\"><div class=\"fn\">BEST Barcelona<\/div><\/div>\n<\/div>\n<\/div><!-- #testimonial_rotator_21357 -->\n<div class=\"testimonial_rotator_nav\">\t<div class=\"testimonial_rotator_prev\"><i class=\"fa fa-chevron-left\"><\/i><\/div>\t<div class=\"testimonial_rotator_next\"><i class=\"fa fa-chevron-right\"><\/i><\/div><\/div>\n<\/div><!-- .testimonial_rotator_wrap -->\n\n\t\t<\/div>\n\t\t\t\t<\/div>\n\t\t\t\t<div class=\"elementor-element elementor-element-5c5b844 elementor-arrows-position-inside elementor-pagination-position-outside elementor-widget elementor-widget-image-carousel\" data-id=\"5c5b844\" data-element_type=\"widget\" data-settings=\"{&quot;navigation&quot;:&quot;both&quot;,&quot;autoplay&quot;:&quot;yes&quot;,&quot;pause_on_hover&quot;:&quot;yes&quot;,&quot;pause_on_interaction&quot;:&quot;yes&quot;,&quot;autoplay_speed&quot;:5000,&quot;infinite&quot;:&quot;yes&quot;,&quot;speed&quot;:500}\" data-widget_type=\"image-carousel.default\">\n\t\t\t\t<div class=\"elementor-widget-container\">\n\t\t\t\t\t<div class=\"elementor-image-carousel-wrapper swiper-container\" dir=\"ltr\">\n\t\t\t<div class=\"elementor-image-carousel swiper-wrapper swiper-image-stretch\">\n\t\t\t\t\t\t\t\t<div class=\"swiper-slide\"><figure class=\"swiper-slide-inner\"><img decoding=async data-opt-id=17910815  fetchpriority=\"high\" class=\"swiper-slide-image\" src=\"https:\/\/mln8vywpe8we.i.optimole.com\/w:1440\/h:1080\/q:mauto\/f:best\/ig:avif\/https:\/\/bestbarcelona.org\/web\/wp-content\/uploads\/2021\/05\/best-jumping.jpg\" alt=\"best-jumping\" \/><\/figure><\/div><div class=\"swiper-slide\"><figure class=\"swiper-slide-inner\"><img decoding=async data-opt-id=2069698674  fetchpriority=\"high\" class=\"swiper-slide-image\" src=\"https:\/\/mln8vywpe8we.i.optimole.com\/w:1536\/h:1017\/q:mauto\/f:best\/ig:avif\/https:\/\/bestbarcelona.org\/web\/wp-content\/uploads\/2021\/05\/king-kong-eiffel.jpg\" alt=\"king-kong-eiffel\" \/><\/figure><\/div><div class=\"swiper-slide\"><figure class=\"swiper-slide-inner\"><img decoding=async data-opt-id=343171504  data-opt-src=\"https:\/\/mln8vywpe8we.i.optimole.com\/w:1536\/h:1031\/q:mauto\/f:best\/ig:avif\/https:\/\/bestbarcelona.org\/web\/wp-content\/uploads\/2021\/05\/image1.jpg\"  class=\"swiper-slide-image\" src=\"https:\/\/mln8vywpe8we.i.optimole.com\/w:1536\/h:1031\/q:eco\/f:best\/ig:avif\/https:\/\/bestbarcelona.org\/web\/wp-content\/uploads\/2021\/05\/image1.jpg\" alt=\"image1\" \/><\/figure><\/div>\t\t\t<\/div>\n\t\t\t\t\t\t\t\t\t\t\t\t<div class=\"swiper-pagination\"><\/div>\n\t\t\t\t\t\t\t\t\t\t\t\t\t<div class=\"elementor-swiper-button elementor-swiper-button-prev\">\n\t\t\t\t\t\t<i aria-hidden=\"true\" class=\"eicon-chevron-left\"><\/i>\t\t\t\t\t\t<span class=\"elementor-screen-only\">Previous<\/span>\n\t\t\t\t\t<\/div>\n\t\t\t\t\t<div class=\"elementor-swiper-button elementor-swiper-button-next\">\n\t\t\t\t\t\t<i aria-hidden=\"true\" class=\"eicon-chevron-right\"><\/i>\t\t\t\t\t\t<span class=\"elementor-screen-only\">Next<\/span>\n\t\t\t\t\t<\/div>\n\t\t\t\t\t\t\t\t\t<\/div>\n\t\t\t\t<\/div>\n\t\t\t\t<\/div>\n\t\t\t\t\t\t<\/div>\n\t\t\t\t\t<\/div>\n\t\t<\/div>\n\t\t\t\t\t\t\t\t<\/div>\n\t\t\t\t\t<\/div>\n\t\t<\/section>\n\t\t\t\t\t\t\t\t\t<\/div>\n\t\t\t<\/div>\n\t\t\t\t\t<\/div>\n\t\t","protected":false},"excerpt":{"rendered":"<p>ENLACE A LA LISTA DE CURSOS C\u00d3MO ESCRIBIR UNA MOTIVATIONAL LETTER Una puerta a Europa Los cursos BEST son una oportunidad \u00fanica <a href=\"https:\/\/bestbarcelona.org\/web\/testimonials\/aaa\/\" class=\"testimonial-rotator-view-more\">View Full &rarr;<\/a><\/p>\n","protected":false},"author":4,"featured_media":0,"parent":0,"menu_order":0,"comment_status":"closed","ping_status":"closed","template":"","meta":[],"_links":{"self":[{"href":"https:\/\/bestbarcelona.org\/web\/wp-json\/wp\/v2\/pages\/21050"}],"collection":[{"href":"https:\/\/bestbarcelona.org\/web\/wp-json\/wp\/v2\/pages"}],"about":[{"href":"https:\/\/bestbarcelona.org\/web\/wp-json\/wp\/v2\/types\/page"}],"author":[{"embeddable":true,"href":"https:\/\/bestbarcelona.org\/web\/wp-json\/wp\/v2\/users\/4"}],"replies":[{"embeddable":true,"href":"https:\/\/bestbarcelona.org\/web\/wp-json\/wp\/v2\/comments?post=21050"}],"version-history":[{"count":3,"href":"https:\/\/bestbarcelona.org\/web\/wp-json\/wp\/v2\/pages\/21050\/revisions"}],"predecessor-version":[{"id":21853,"href":"https:\/\/bestbarcelona.org\/web\/wp-json\/wp\/v2\/pages\/21050\/revisions\/21853"}],"wp:attachment":[{"href":"https:\/\/bestbarcelona.org\/web\/wp-json\/wp\/v2\/media?parent=21050"}],"curies":[{"name":"wp","href":"https:\/\/api.w.org\/{rel}","templated":true}]}}