{"id":21048,"date":"2020-09-01T08:00:31","date_gmt":"2020-09-01T06:00:31","guid":{"rendered":"https:\/\/bestbarcelona.org\/web\/?page_id=21048"},"modified":"2021-05-17T10:29:55","modified_gmt":"2021-05-17T08:29:55","slug":"courses-ca","status":"publish","type":"page","link":"https:\/\/bestbarcelona.org\/web\/courses-ca\/","title":{"rendered":"Cursos"},"content":{"rendered":"\t\t<div data-elementor-type=\"wp-page\" data-elementor-id=\"21048\" class=\"elementor elementor-21048\">\n\t\t\t\t\t\t<div class=\"elementor-inner\">\n\t\t\t\t<div class=\"elementor-section-wrap\">\n\t\t\t\t\t\t\t\t\t<section class=\"elementor-section elementor-top-section elementor-element elementor-element-98454a7 elementor-section-stretched elementor-section-boxed elementor-section-height-default elementor-section-height-default\" data-id=\"98454a7\" data-element_type=\"section\" data-settings=\"{&quot;stretch_section&quot;:&quot;section-stretched&quot;}\">\n\t\t\t\t\t\t<div class=\"elementor-container elementor-column-gap-default\">\n\t\t\t\t\t\t\t<div class=\"elementor-row\">\n\t\t\t\t\t<div class=\"elementor-column elementor-col-100 elementor-top-column elementor-element elementor-element-1ddf5d0\" data-id=\"1ddf5d0\" data-element_type=\"column\">\n\t\t\t<div class=\"elementor-column-wrap elementor-element-populated\">\n\t\t\t\t\t\t\t<div class=\"elementor-widget-wrap\">\n\t\t\t\t\t\t<div class=\"elementor-element elementor-element-c735993 elementor-widget elementor-widget-image\" data-id=\"c735993\" data-element_type=\"widget\" data-widget_type=\"image.default\">\n\t\t\t\t<div class=\"elementor-widget-container\">\n\t\t\t\t\t\t\t\t<div class=\"elementor-image\">\n\t\t\t\t\t\t\t\t\t\t\t\t<img decoding=async data-opt-id=1852110171  fetchpriority=\"high\" width=\"300\" height=\"104\" src=\"https:\/\/mln8vywpe8we.i.optimole.com\/w:300\/h:104\/q:mauto\/f:best\/ig:avif\/https:\/\/bestbarcelona.org\/web\/wp-content\/uploads\/2020\/09\/BEST-Courses-Logo.png\" class=\"attachment-medium size-medium wp-image-21151\" alt=\"\" srcset=\"https:\/\/mln8vywpe8we.i.optimole.com\/w:300\/h:104\/q:mauto\/f:best\/ig:avif\/https:\/\/bestbarcelona.org\/web\/wp-content\/uploads\/2020\/09\/BEST-Courses-Logo.png 300w, https:\/\/mln8vywpe8we.i.optimole.com\/w:230\/h:80\/q:mauto\/f:best\/ig:avif\/https:\/\/bestbarcelona.org\/web\/wp-content\/uploads\/2020\/09\/BEST-Courses-Logo.png 230w, https:\/\/mln8vywpe8we.i.optimole.com\/w:350\/h:122\/q:mauto\/f:best\/ig:avif\/https:\/\/bestbarcelona.org\/web\/wp-content\/uploads\/2020\/09\/BEST-Courses-Logo.png 350w, https:\/\/mln8vywpe8we.i.optimole.com\/w:480\/h:167\/q:mauto\/f:best\/ig:avif\/https:\/\/bestbarcelona.org\/web\/wp-content\/uploads\/2020\/09\/BEST-Courses-Logo.png 480w, https:\/\/mln8vywpe8we.i.optimole.com\/w:655\/h:228\/q:mauto\/f:best\/ig:avif\/https:\/\/bestbarcelona.org\/web\/wp-content\/uploads\/2020\/09\/BEST-Courses-Logo.png 655w\" sizes=\"(max-width: 300px) 100vw, 300px\" \/>\t\t\t\t\t\t\t\t\t\t\t\t\t\t<\/div>\n\t\t\t\t\t\t<\/div>\n\t\t\t\t<\/div>\n\t\t\t\t<section class=\"elementor-section elementor-inner-section elementor-element elementor-element-f5c608a elementor-section-boxed elementor-section-height-default elementor-section-height-default\" data-id=\"f5c608a\" data-element_type=\"section\">\n\t\t\t\t\t\t<div class=\"elementor-container elementor-column-gap-default\">\n\t\t\t\t\t\t\t<div class=\"elementor-row\">\n\t\t\t\t\t<div class=\"elementor-column elementor-col-50 elementor-inner-column elementor-element elementor-element-363349a\" data-id=\"363349a\" data-element_type=\"column\">\n\t\t\t<div class=\"elementor-column-wrap elementor-element-populated\">\n\t\t\t\t\t\t\t<div class=\"elementor-widget-wrap\">\n\t\t\t\t\t\t<div class=\"elementor-element elementor-element-6700909 elementor-button-warning elementor-align-justify elementor-widget elementor-widget-button\" data-id=\"6700909\" data-element_type=\"widget\" data-widget_type=\"button.default\">\n\t\t\t\t<div class=\"elementor-widget-container\">\n\t\t\t\t\t<div class=\"elementor-button-wrapper\">\n\t\t\t<a href=\"https:\/\/www.best.eu.org\/courses\/list.jsp\" target=\"_blank\" class=\"elementor-button-link elementor-button elementor-size-sm\" role=\"button\">\n\t\t\t\t\t\t<span class=\"elementor-button-content-wrapper\">\n\t\t\t\t\t\t<span class=\"elementor-button-text\">ENLLA\u00c7 A LA LLISTA DE CURSOS<\/span>\n\t\t<\/span>\n\t\t\t\t\t<\/a>\n\t\t<\/div>\n\t\t\t\t<\/div>\n\t\t\t\t<\/div>\n\t\t\t\t\t\t<\/div>\n\t\t\t\t\t<\/div>\n\t\t<\/div>\n\t\t\t\t<div class=\"elementor-column elementor-col-50 elementor-inner-column elementor-element elementor-element-0a76119\" data-id=\"0a76119\" data-element_type=\"column\">\n\t\t\t<div class=\"elementor-column-wrap elementor-element-populated\">\n\t\t\t\t\t\t\t<div class=\"elementor-widget-wrap\">\n\t\t\t\t\t\t<div class=\"elementor-element elementor-element-2d47e9e elementor-button-warning elementor-align-justify elementor-widget elementor-widget-button\" data-id=\"2d47e9e\" data-element_type=\"widget\" data-widget_type=\"button.default\">\n\t\t\t\t<div class=\"elementor-widget-container\">\n\t\t\t\t\t<div class=\"elementor-button-wrapper\">\n\t\t\t<a href=\"http:\/\/best.eu.org\/courses\/howToWriteAMotivationLetter.jsp\" target=\"_blank\" class=\"elementor-button-link elementor-button elementor-size-sm\" role=\"button\">\n\t\t\t\t\t\t<span class=\"elementor-button-content-wrapper\">\n\t\t\t\t\t\t<span class=\"elementor-button-text\">COM ESCRIURE UNA MOTIVATIONAL LETTER<\/span>\n\t\t<\/span>\n\t\t\t\t\t<\/a>\n\t\t<\/div>\n\t\t\t\t<\/div>\n\t\t\t\t<\/div>\n\t\t\t\t\t\t<\/div>\n\t\t\t\t\t<\/div>\n\t\t<\/div>\n\t\t\t\t\t\t\t\t<\/div>\n\t\t\t\t\t<\/div>\n\t\t<\/section>\n\t\t\t\t<div class=\"elementor-element elementor-element-297dc2c elementor-widget elementor-widget-text-editor\" data-id=\"297dc2c\" data-element_type=\"widget\" data-widget_type=\"text-editor.default\">\n\t\t\t\t<div class=\"elementor-widget-container\">\n\t\t\t\t\t\t\t\t<div class=\"elementor-text-editor elementor-clearfix\">\n\t\t\t\t<h4><strong>Una porta a Europa<\/strong><\/h4>\n<p>Els cursos BEST s\u00f3n una oportunitat \u00fanica per als estudiants de la UPC. BEST Barcelona t\u2019obre les portes a Europa per a qu\u00e8 puguis aprendre, viatjar, con\u00e8ixer gent de tot arreu i millorar el teu angl\u00e8s a la vegada que t\u2019ho passes genial. Allotjament, \u00e0pats, transport\u2026 tot a c\u00e0rrec dels organitzadors del curs. No t\u2019haur\u00e0s de preocupar per res!<\/p><p><br><\/p>\n<h4><strong>La part acad\u00e8mica<\/strong><\/h4>\n<p>En un curs BEST els participants assisteixen a classes impartides per professors universitaris o b\u00e9 per experts en la tem\u00e0tica del curs; visiten companyies, plantes industrials o centres de recerca. Els temes dels cursos acad\u00e8mics cobreixen diferents camps en tecnologia, economia, marketing i organitzaci\u00f3. En finalitzar el curs, els participants fan un examen preparat especialment per comprovar els resultats del curs i avaluar el seu nivell d\u2019aprenentatge. Per\u00f2 no pateixis per l\u2019examen! Les classes s\u00f3n obligat\u00f2ries i es faran preguntes sobre el que s\u2019ha explicat durant el curs, aix\u00ed que segur que obtens el certificat que despr\u00e9s podr\u00e0s presentar a la teva escola per aconseguir cr\u00e8dits ECTS.<\/p><p><br><\/p>\n<h4><strong>La part cultural<\/strong><\/h4>\n<p>Fins aqu\u00ed la part acad\u00e8mica. Per\u00f2 qu\u00e8 m\u00e9s trobar\u00e0s en un curs BEST? El tret diferencial de BEST \u00e9s que els grups locals que organitzen els cursos (com per exemple BEST Barcelona) no es limiten a la part acad\u00e8mica. En un curs BEST les 24 hores del dia estan planificades. Hi ha estones de \u201cfree time\u201d per\u00f2 la major part del temps est\u00e0 ocupat per activitats amb la resta del grup de participants i els organitzadors: visites guiades per la ciutat, jocs per trencar el gel, excursions, activitats nocturnes\u2026 \u00c9s t\u00edpica, per exemple, la \u201cInternational Evening\u201d, en la qual tots els participants porten productes t\u00edpics del seu pa\u00eds per oferir a la resta.<\/p>\n<p><\/p>\t\t\t\t\t<\/div>\n\t\t\t\t\t\t<\/div>\n\t\t\t\t<\/div>\n\t\t\t\t<div class=\"elementor-element elementor-element-8a77ab0 elementor-widget elementor-widget-toggle\" data-id=\"8a77ab0\" data-element_type=\"widget\" data-widget_type=\"toggle.default\">\n\t\t\t\t<div class=\"elementor-widget-container\">\n\t\t\t\t\t<div class=\"elementor-toggle\" role=\"tablist\">\n\t\t\t\t\t\t\t<div class=\"elementor-toggle-item\">\n\t\t\t\t\t<div id=\"elementor-tab-title-1451\" class=\"elementor-tab-title\" data-tab=\"1\" role=\"tab\" aria-controls=\"elementor-tab-content-1451\" aria-expanded=\"false\">\n\t\t\t\t\t\t\t\t\t\t\t\t<span class=\"elementor-toggle-icon elementor-toggle-icon-left\" aria-hidden=\"true\">\n\t\t\t\t\t\t\t\t\t\t\t\t\t\t\t<span class=\"elementor-toggle-icon-closed\"><i class=\"fas fa-caret-right\"><\/i><\/span>\n\t\t\t\t\t\t\t\t<span class=\"elementor-toggle-icon-opened\"><i class=\"elementor-toggle-icon-opened fas fa-caret-up\"><\/i><\/span>\n\t\t\t\t\t\t\t\t\t\t\t\t\t<\/span>\n\t\t\t\t\t\t\t\t\t\t\t\t<a href=\"\" class=\"elementor-toggle-title\">Qui hi participa?<\/a>\n\t\t\t\t\t<\/div>\n\n\t\t\t\t\t<div id=\"elementor-tab-content-1451\" class=\"elementor-tab-content elementor-clearfix\" data-tab=\"1\" role=\"tabpanel\" aria-labelledby=\"elementor-tab-title-1451\"><p>BEST \u00e9s una xarxa de 93 grups locals distribu\u00efts en un total de 33 pa\u00efsos europeus. Cada grup local pertany a una universitat diferent i d\u00f3na acc\u00e9s als seus alumnes a demanar cursos BEST. \u00c9s el cas de la UPC on, a trav\u00e9s de BEST Barcelona, els seus alumnes tenen dret a demanar els cursos. En un curs BEST hi participen entre 20 i 30 estudiants de les 93 universitats on BEST t\u00e9 pres\u00e8ncia. S\u00f3n estudiants de la branca tecnol\u00f2gica com tu, amb una cosa en com\u00fa: volen viure una experi\u00e8ncia \u00fanica, diferent de la rutina de la universitat. Normalment el nombre de nois i noies \u00e9s equilibrat i el nombre d\u2019organitzadors varia depenent d\u2019all\u00e0 on es faci el curs. Una cosa \u00e9s segura: vagis on vagis, al tornar del viatge haur\u00e0s fet molt bons amics.<\/p><\/div>\n\t\t\t\t<\/div>\n\t\t\t\t\t\t\t<div class=\"elementor-toggle-item\">\n\t\t\t\t\t<div id=\"elementor-tab-title-1452\" class=\"elementor-tab-title\" data-tab=\"2\" role=\"tab\" aria-controls=\"elementor-tab-content-1452\" aria-expanded=\"false\">\n\t\t\t\t\t\t\t\t\t\t\t\t<span class=\"elementor-toggle-icon elementor-toggle-icon-left\" aria-hidden=\"true\">\n\t\t\t\t\t\t\t\t\t\t\t\t\t\t\t<span class=\"elementor-toggle-icon-closed\"><i class=\"fas fa-caret-right\"><\/i><\/span>\n\t\t\t\t\t\t\t\t<span class=\"elementor-toggle-icon-opened\"><i class=\"elementor-toggle-icon-opened fas fa-caret-up\"><\/i><\/span>\n\t\t\t\t\t\t\t\t\t\t\t\t\t<\/span>\n\t\t\t\t\t\t\t\t\t\t\t\t<a href=\"\" class=\"elementor-toggle-title\">On es fan?<\/a>\n\t\t\t\t\t<\/div>\n\n\t\t\t\t\t<div id=\"elementor-tab-content-1452\" class=\"elementor-tab-content elementor-clearfix\" data-tab=\"2\" role=\"tabpanel\" aria-labelledby=\"elementor-tab-title-1452\"><p>Els cursos BEST es fan en les 93 universitats on existeixen grups locals.<\/p><p><br \/>En molts cursos els participants s\u2019allotgen en una resid\u00e8ncia de la pr\u00f2pia universitat. En altres casos estar\u00e0s en un hostal. En qualsevol cas no t\u2019haur\u00e0s de preocupar per l\u2019allotjament, i si arribes uns dies abans o marxes m\u00e9s tard \u00e9s molt probable que puguis quedar-te a casa d\u2019algun organitzador. Es fa molta vida al campus (les classes s\u00f3n all\u00e0) i tamb\u00e9 es visita la ciutat, f\u00e0briques, empreses o laboratoris, i fins i tot en algun curs s\u2019ha arribat a fer un viatge en avi\u00f3 per marxar tot el grup durant un cap de setmana! Els 93 grups locals realitzen com a m\u00ednim un curs a l\u2019any.<\/p><\/div>\n\t\t\t\t<\/div>\n\t\t\t\t\t\t\t<div class=\"elementor-toggle-item\">\n\t\t\t\t\t<div id=\"elementor-tab-title-1453\" class=\"elementor-tab-title\" data-tab=\"3\" role=\"tab\" aria-controls=\"elementor-tab-content-1453\" aria-expanded=\"false\">\n\t\t\t\t\t\t\t\t\t\t\t\t<span class=\"elementor-toggle-icon elementor-toggle-icon-left\" aria-hidden=\"true\">\n\t\t\t\t\t\t\t\t\t\t\t\t\t\t\t<span class=\"elementor-toggle-icon-closed\"><i class=\"fas fa-caret-right\"><\/i><\/span>\n\t\t\t\t\t\t\t\t<span class=\"elementor-toggle-icon-opened\"><i class=\"elementor-toggle-icon-opened fas fa-caret-up\"><\/i><\/span>\n\t\t\t\t\t\t\t\t\t\t\t\t\t<\/span>\n\t\t\t\t\t\t\t\t\t\t\t\t<a href=\"\" class=\"elementor-toggle-title\">Quan es fan?<\/a>\n\t\t\t\t\t<\/div>\n\n\t\t\t\t\t<div id=\"elementor-tab-content-1453\" class=\"elementor-tab-content elementor-clearfix\" data-tab=\"3\" role=\"tabpanel\" aria-labelledby=\"elementor-tab-title-1453\"><p>Hi ha quatre temporades per demanar cursos BEST: tardor, hivern, primavera i estiu. Depenent del curs, la durada d\u2019aquest varia, per\u00f2 en general tots duren entre una i dues setmanes.<\/p><\/div>\n\t\t\t\t<\/div>\n\t\t\t\t\t\t\t<div class=\"elementor-toggle-item\">\n\t\t\t\t\t<div id=\"elementor-tab-title-1454\" class=\"elementor-tab-title\" data-tab=\"4\" role=\"tab\" aria-controls=\"elementor-tab-content-1454\" aria-expanded=\"false\">\n\t\t\t\t\t\t\t\t\t\t\t\t<span class=\"elementor-toggle-icon elementor-toggle-icon-left\" aria-hidden=\"true\">\n\t\t\t\t\t\t\t\t\t\t\t\t\t\t\t<span class=\"elementor-toggle-icon-closed\"><i class=\"fas fa-caret-right\"><\/i><\/span>\n\t\t\t\t\t\t\t\t<span class=\"elementor-toggle-icon-opened\"><i class=\"elementor-toggle-icon-opened fas fa-caret-up\"><\/i><\/span>\n\t\t\t\t\t\t\t\t\t\t\t\t\t<\/span>\n\t\t\t\t\t\t\t\t\t\t\t\t<a href=\"\" class=\"elementor-toggle-title\">Quant costen?<\/a>\n\t\t\t\t\t<\/div>\n\n\t\t\t\t\t<div id=\"elementor-tab-content-1454\" class=\"elementor-tab-content elementor-clearfix\" data-tab=\"4\" role=\"tabpanel\" aria-labelledby=\"elementor-tab-title-1454\"><p>Aquesta \u00e9s la millor part de tot. Segurament t\u2019haur\u00e0s imaginat que tot aix\u00f2 dels cursos BEST \u00e9s genial per\u00f2 que deu costar una fortuna. Allotjament, menjars, classes i transport s\u00f3n molts diners.<\/p><p>Doncs tens ra\u00f3, s\u00f3n molts diners per\u00f2 a tu no et costar\u00e0 pr\u00e0cticament res. BEST s\u2019encarrega d\u2019aix\u00f2!!! S\u00ed, ho has llegit b\u00e9: com a molt et poden demanar fins a 45\u20ac, una quantitat simb\u00f2lica en comparaci\u00f3 a la despesa que et suposaria pagar-ho tot. Aix\u00f2 \u00e9s aix\u00ed perqu\u00e8 BEST funciona a mode d\u2019intercanvi: els grups locals organitzen cursos pels estudiants de fora i gr\u00e0cies a aix\u00f2 els estudiants de la seva universitat tenen dret a demanar cursos a l\u2019estranger. L&#8217;\u00fanic que correr\u00e0 a compte teu ser\u00e0 el despla\u00e7ament a la ciutat on es fa el curs.<\/p><p>Si et sorpr\u00e8n que realment sigui tan econ\u00f2mic no li busquis \u201ctres peus al gat\u201d. El secret es troba en <strong><a href=\"http:\/\/best.eu.org\/courses\/howToWriteAMotivationLetter.jsp\" target=\"_blank\" rel=\"noopener\">com<\/a> <\/strong>es demanen.<\/p><p><span style=\"color: #555555; font-family: -apple-system, BlinkMacSystemFont, 'Segoe UI', Roboto, Oxygen-Sans, Ubuntu, Cantarell, 'Helvetica Neue', sans-serif; font-size: 13px; background-color: #f9f9f9;\">\u00a0<\/span><\/p><\/div>\n\t\t\t\t<\/div>\n\t\t\t\t\t\t\t\t<\/div>\n\t\t\t\t<\/div>\n\t\t\t\t<\/div>\n\t\t\t\t<div class=\"elementor-element elementor-element-932c1fa elementor-widget elementor-widget-html\" data-id=\"932c1fa\" data-element_type=\"widget\" data-widget_type=\"html.default\">\n\t\t\t\t<div class=\"elementor-widget-container\">\n\t\t\t<div id=\"testimonial_rotator_wrap_21357\" class=\"testimonial_rotator_wrap with-prevnext \">\n\t<div id=\"testimonial_rotator_21357\" class=\"testimonial_rotator  cycletwo-slideshow format-rotator template-longform hreview-aggregate \" data-cycletwo-timeout=\"5000\" data-cycletwo-speed=\"2000\" data-cycletwo-pause-on-hover=\"true\"  data-cycletwo-swipe=\"true\" data-cycletwo-fx=\"fade\" data-cycletwo-auto-height=\"calc\"  data-cycletwo-next=\"#testimonial_rotator_wrap_21357 .testimonial_rotator_next\" data-cycletwo-prev=\"#testimonial_rotator_wrap_21357 .testimonial_rotator_prev\" data-cycletwo-slides=\"> div.slide\" data-cycletwo-log=\"false\" >\n<div class=\"slide slide1 testimonial_rotator_slide hreview itemreviewed item  cf-tr\">\n<div class=\"text testimonial_rotator_description\">\n<div class=\"testimonial_rotator_quote\">\n\"I don't regret for coming to this experience; it was like a short Erasmus but with full of emotions and activities\"<\/div>\n<hr class=\"longform_hr\"><div class=\"testimonial_rotator_author_info cf-tr\">\n<p>Organiser of our Autumn Course 2019<\/p>\n<\/div>\n<\/div>\n\t<div class=\"testimonial_rotator_microdata\">\n\t<div class=\"item\"><div class=\"fn\">BEST Barcelona<\/div><\/div>\n\t<div class=\"dtreviewed\"> 2020-09-27T16:44:13+02:00<\/div>\t<div class=\"reviewer\"> \t<div class=\"fn\"> <p>Organiser of our Autumn Course 2019<\/p>\n<\/div>\t<\/div>\"I don't regret for coming to this experience; it was like a short Erasmus but with full of emotions and activities\"\t<div class=\"summary\"> <\/div>\t<div class=\"permalink\"> https:\/\/bestbarcelona.org\/web\/testimonials\/aaa\/<\/div>\t<\/div><!-- .testimonial_rotator_microdata -->\n<\/div>\n<div class=\"slide slide2 testimonial_rotator_slide hreview itemreviewed item  cf-tr\">\n<div class=\"text testimonial_rotator_description\">\n<div class=\"testimonial_rotator_quote\">\n\"It was one of the most beautiful experiences of my life and certainly the funniest\"<\/div>\n<hr class=\"longform_hr\"><div class=\"testimonial_rotator_author_info cf-tr\">\n<p>Participant of our Autumn Course 2019<\/p>\n<\/div>\n<\/div>\n\t<div class=\"testimonial_rotator_microdata\">\n\t<div class=\"item\"><div class=\"fn\">BEST Barcelona<\/div><\/div>\n\t<div class=\"dtreviewed\"> 2020-09-27T18:23:55+02:00<\/div>\t<div class=\"reviewer\"> \t<div class=\"fn\"> <p>Participant of our Autumn Course 2019<\/p>\n<\/div>\t<\/div>\"It was one of the most beautiful experiences of my life and certainly the funniest\"\t<div class=\"summary\"> <\/div>\t<div class=\"permalink\"> https:\/\/bestbarcelona.org\/web\/testimonials\/21384\/<\/div>\t<\/div><!-- .testimonial_rotator_microdata -->\n<\/div>\n<div class=\"slide slide3 testimonial_rotator_slide hreview itemreviewed item  cf-tr\">\n<div class=\"text testimonial_rotator_description\">\n<div class=\"testimonial_rotator_quote\">\n\"They not only opened my mind for 3D printing technologies and product design but also increased my social skills and made me a better team member\/leader\"<\/div>\n<hr class=\"longform_hr\"><div class=\"testimonial_rotator_author_info cf-tr\">\n<p>Participant of our Autumn Course 2019<\/p>\n<\/div>\n<\/div>\n\t<div class=\"testimonial_rotator_microdata\">\n\t<div class=\"item\"><div class=\"fn\">BEST Barcelona<\/div><\/div>\n\t<div class=\"dtreviewed\"> 2020-09-27T16:44:37+02:00<\/div>\t<div class=\"reviewer\"> \t<div class=\"fn\"> <p>Participant of our Autumn Course 2019<\/p>\n<\/div>\t<\/div>\"They not only opened my mind for 3D printing technologies and product design but also increased my social skills and made me a better team member\/leader\"\t<div class=\"summary\"> <\/div>\t<div class=\"permalink\"> https:\/\/bestbarcelona.org\/web\/testimonials\/bbb\/<\/div>\t<\/div><!-- .testimonial_rotator_microdata -->\n<\/div>\n<div class=\"testimonial_rotator_microdata\">\n\t<div class=\"rating\">0<\/div>\n\t<div class=\"count\">0<\/div>\n\t<div class=\"item\"><div class=\"fn\">BEST Barcelona<\/div><\/div>\n<\/div>\n<\/div><!-- #testimonial_rotator_21357 -->\n<div class=\"testimonial_rotator_nav\">\t<div class=\"testimonial_rotator_prev\"><i class=\"fa fa-chevron-left\"><\/i><\/div>\t<div class=\"testimonial_rotator_next\"><i class=\"fa fa-chevron-right\"><\/i><\/div><\/div>\n<\/div><!-- .testimonial_rotator_wrap -->\n\n\t\t<\/div>\n\t\t\t\t<\/div>\n\t\t\t\t<div class=\"elementor-element elementor-element-501f17d elementor-arrows-position-inside elementor-pagination-position-outside elementor-widget elementor-widget-image-carousel\" data-id=\"501f17d\" data-element_type=\"widget\" data-settings=\"{&quot;navigation&quot;:&quot;both&quot;,&quot;autoplay&quot;:&quot;yes&quot;,&quot;pause_on_hover&quot;:&quot;yes&quot;,&quot;pause_on_interaction&quot;:&quot;yes&quot;,&quot;autoplay_speed&quot;:5000,&quot;infinite&quot;:&quot;yes&quot;,&quot;speed&quot;:500}\" data-widget_type=\"image-carousel.default\">\n\t\t\t\t<div class=\"elementor-widget-container\">\n\t\t\t\t\t<div class=\"elementor-image-carousel-wrapper swiper-container\" dir=\"ltr\">\n\t\t\t<div class=\"elementor-image-carousel swiper-wrapper swiper-image-stretch\">\n\t\t\t\t\t\t\t\t<div class=\"swiper-slide\"><figure class=\"swiper-slide-inner\"><img decoding=async data-opt-id=2114634006  fetchpriority=\"high\" class=\"swiper-slide-image\" src=\"https:\/\/mln8vywpe8we.i.optimole.com\/w:1440\/h:1080\/q:mauto\/f:best\/ig:avif\/https:\/\/bestbarcelona.org\/web\/wp-content\/uploads\/2020\/02\/best-jumping.jpg\" alt=\"best jumping\" \/><\/figure><\/div><div class=\"swiper-slide\"><figure class=\"swiper-slide-inner\"><img decoding=async data-opt-id=380650017  fetchpriority=\"high\" class=\"swiper-slide-image\" src=\"https:\/\/mln8vywpe8we.i.optimole.com\/w:1536\/h:1017\/q:mauto\/f:best\/ig:avif\/https:\/\/bestbarcelona.org\/web\/wp-content\/uploads\/2020\/02\/king-kong-eiffel.jpg\" alt=\"king-kong-eiffel\" \/><\/figure><\/div><div class=\"swiper-slide\"><figure class=\"swiper-slide-inner\"><img decoding=async data-opt-id=1672000774  data-opt-src=\"https:\/\/mln8vywpe8we.i.optimole.com\/w:1536\/h:1031\/q:mauto\/f:best\/ig:avif\/https:\/\/bestbarcelona.org\/web\/wp-content\/uploads\/2020\/02\/image1.png\"  class=\"swiper-slide-image\" src=\"https:\/\/mln8vywpe8we.i.optimole.com\/w:1536\/h:1031\/q:eco\/f:best\/ig:avif\/https:\/\/bestbarcelona.org\/web\/wp-content\/uploads\/2020\/02\/image1.png\" alt=\"image1\" \/><\/figure><\/div>\t\t\t<\/div>\n\t\t\t\t\t\t\t\t\t\t\t\t<div class=\"swiper-pagination\"><\/div>\n\t\t\t\t\t\t\t\t\t\t\t\t\t<div class=\"elementor-swiper-button elementor-swiper-button-prev\">\n\t\t\t\t\t\t<i aria-hidden=\"true\" class=\"eicon-chevron-left\"><\/i>\t\t\t\t\t\t<span class=\"elementor-screen-only\">Previous<\/span>\n\t\t\t\t\t<\/div>\n\t\t\t\t\t<div class=\"elementor-swiper-button elementor-swiper-button-next\">\n\t\t\t\t\t\t<i aria-hidden=\"true\" class=\"eicon-chevron-right\"><\/i>\t\t\t\t\t\t<span class=\"elementor-screen-only\">Next<\/span>\n\t\t\t\t\t<\/div>\n\t\t\t\t\t\t\t\t\t<\/div>\n\t\t\t\t<\/div>\n\t\t\t\t<\/div>\n\t\t\t\t\t\t<\/div>\n\t\t\t\t\t<\/div>\n\t\t<\/div>\n\t\t\t\t\t\t\t\t<\/div>\n\t\t\t\t\t<\/div>\n\t\t<\/section>\n\t\t\t\t\t\t\t\t\t<\/div>\n\t\t\t<\/div>\n\t\t\t\t\t<\/div>\n\t\t","protected":false},"excerpt":{"rendered":"<p>ENLLA\u00c7 A LA LLISTA DE CURSOS COM ESCRIURE UNA MOTIVATIONAL LETTER Una porta a Europa Els cursos BEST s\u00f3n una oportunitat \u00fanica <a href=\"https:\/\/bestbarcelona.org\/web\/testimonials\/aaa\/\" class=\"testimonial-rotator-view-more\">View Full &rarr;<\/a><\/p>\n","protected":false},"author":4,"featured_media":0,"parent":0,"menu_order":0,"comment_status":"closed","ping_status":"closed","template":"","meta":[],"_links":{"self":[{"href":"https:\/\/bestbarcelona.org\/web\/wp-json\/wp\/v2\/pages\/21048"}],"collection":[{"href":"https:\/\/bestbarcelona.org\/web\/wp-json\/wp\/v2\/pages"}],"about":[{"href":"https:\/\/bestbarcelona.org\/web\/wp-json\/wp\/v2\/types\/page"}],"author":[{"embeddable":true,"href":"https:\/\/bestbarcelona.org\/web\/wp-json\/wp\/v2\/users\/4"}],"replies":[{"embeddable":true,"href":"https:\/\/bestbarcelona.org\/web\/wp-json\/wp\/v2\/comments?post=21048"}],"version-history":[{"count":3,"href":"https:\/\/bestbarcelona.org\/web\/wp-json\/wp\/v2\/pages\/21048\/revisions"}],"predecessor-version":[{"id":21845,"href":"https:\/\/bestbarcelona.org\/web\/wp-json\/wp\/v2\/pages\/21048\/revisions\/21845"}],"wp:attachment":[{"href":"https:\/\/bestbarcelona.org\/web\/wp-json\/wp\/v2\/media?parent=21048"}],"curies":[{"name":"wp","href":"https:\/\/api.w.org\/{rel}","templated":true}]}}