{"id":21033,"date":"2020-09-01T08:00:16","date_gmt":"2020-09-01T06:00:16","guid":{"rendered":"https:\/\/bestbarcelona.org\/web\/?page_id=21033"},"modified":"2022-05-25T14:25:32","modified_gmt":"2022-05-25T12:25:32","slug":"home-es","status":"publish","type":"page","link":"https:\/\/bestbarcelona.org\/web\/es\/","title":{"rendered":"Inicio"},"content":{"rendered":"\t\t<div data-elementor-type=\"wp-page\" data-elementor-id=\"21033\" class=\"elementor elementor-21033\">\n\t\t\t\t\t\t<div class=\"elementor-inner\">\n\t\t\t\t<div class=\"elementor-section-wrap\">\n\t\t\t\t\t\t\t\t\t<section class=\"elementor-section elementor-top-section elementor-element elementor-element-a59f830 elementor-section-stretched elementor-section-boxed elementor-section-height-default elementor-section-height-default\" data-id=\"a59f830\" data-element_type=\"section\" data-settings=\"{&quot;stretch_section&quot;:&quot;section-stretched&quot;}\">\n\t\t\t\t\t\t<div class=\"elementor-container elementor-column-gap-default\">\n\t\t\t\t\t\t\t<div class=\"elementor-row\">\n\t\t\t\t\t<div class=\"elementor-column elementor-col-50 elementor-top-column elementor-element elementor-element-cadce5a\" data-id=\"cadce5a\" data-element_type=\"column\">\n\t\t\t<div class=\"elementor-column-wrap elementor-element-populated\">\n\t\t\t\t\t\t\t<div class=\"elementor-widget-wrap\">\n\t\t\t\t\t\t<div class=\"elementor-element elementor-element-a3651b9 elementor-widget elementor-widget-heading\" data-id=\"a3651b9\" data-element_type=\"widget\" data-widget_type=\"heading.default\">\n\t\t\t\t<div class=\"elementor-widget-container\">\n\t\t\t<h2 class=\"elementor-heading-title elementor-size-default\">\u00bfQu\u00e9 es BEST?<\/h2>\t\t<\/div>\n\t\t\t\t<\/div>\n\t\t\t\t<div class=\"elementor-element elementor-element-07b207e elementor-widget elementor-widget-text-editor\" data-id=\"07b207e\" data-element_type=\"widget\" data-widget_type=\"text-editor.default\">\n\t\t\t\t<div class=\"elementor-widget-container\">\n\t\t\t\t\t\t\t\t<div class=\"elementor-text-editor elementor-clearfix\">\n\t\t\t\t<p>BEST es una organitzaci\u00f3n apol\u00edtica y sin \u00e1nimo de lucro a nivel europeo formada por m\u00e1s de 3000 estudiantes. Estamos presentes en m\u00e1s de 85 de las mejores universidades de toda Europa repartidas por m\u00e1s de 30 paises.<\/p><p>BEST Barcelona es el grupo local registrado en la UPC, donde ofrecemos diferentes servicios y actividades para los estudiantes y empresas.<\/p>\t\t\t\t\t<\/div>\n\t\t\t\t\t\t<\/div>\n\t\t\t\t<\/div>\n\t\t\t\t\t\t<\/div>\n\t\t\t\t\t<\/div>\n\t\t<\/div>\n\t\t\t\t<div class=\"elementor-column elementor-col-50 elementor-top-column elementor-element elementor-element-42e826d\" data-id=\"42e826d\" data-element_type=\"column\">\n\t\t\t<div class=\"elementor-column-wrap elementor-element-populated\">\n\t\t\t\t\t\t\t<div class=\"elementor-widget-wrap\">\n\t\t\t\t\t\t<div class=\"elementor-element elementor-element-83855f0 elementor-widget elementor-widget-heading\" data-id=\"83855f0\" data-element_type=\"widget\" data-widget_type=\"heading.default\">\n\t\t\t\t<div class=\"elementor-widget-container\">\n\t\t\t<h2 class=\"elementor-heading-title elementor-size-default\">Nuestro objetivo<\/h2>\t\t<\/div>\n\t\t\t\t<\/div>\n\t\t\t\t<div class=\"elementor-element elementor-element-b03ba8e elementor-widget elementor-widget-text-editor\" data-id=\"b03ba8e\" data-element_type=\"widget\" data-widget_type=\"text-editor.default\">\n\t\t\t\t<div class=\"elementor-widget-container\">\n\t\t\t\t\t\t\t\t<div class=\"elementor-text-editor elementor-clearfix\">\n\t\t\t\t<p>La misi\u00f3n de BEST es ayudar a los estudiantes a conseguir una mentalidad internacional y acompa\u00f1ar a los estudiantes a conocer diferentes culturas, para as\u00ed aumentar sus capacidades de trabajar en ambientes de mucha diversidad.<\/p><p>Buscamos crear oportunidades que acercen los estudiantes, la universidad y las empresas.<\/p>\t\t\t\t\t<\/div>\n\t\t\t\t\t\t<\/div>\n\t\t\t\t<\/div>\n\t\t\t\t\t\t<\/div>\n\t\t\t\t\t<\/div>\n\t\t<\/div>\n\t\t\t\t\t\t\t\t<\/div>\n\t\t\t\t\t<\/div>\n\t\t<\/section>\n\t\t\t\t<section class=\"elementor-section elementor-top-section elementor-element elementor-element-7b94a08 elementor-section-stretched elementor-section-boxed elementor-section-height-default elementor-section-height-default\" data-id=\"7b94a08\" data-element_type=\"section\" data-settings=\"{&quot;stretch_section&quot;:&quot;section-stretched&quot;}\">\n\t\t\t\t\t\t<div class=\"elementor-container elementor-column-gap-default\">\n\t\t\t\t\t\t\t<div class=\"elementor-row\">\n\t\t\t\t\t<div class=\"elementor-column elementor-col-50 elementor-top-column elementor-element elementor-element-0e4cd7f\" data-id=\"0e4cd7f\" data-element_type=\"column\">\n\t\t\t<div class=\"elementor-column-wrap elementor-element-populated\">\n\t\t\t\t\t\t\t<div class=\"elementor-widget-wrap\">\n\t\t\t\t\t\t<div class=\"elementor-element elementor-element-d7b5e94 elementor-widget elementor-widget-heading\" data-id=\"d7b5e94\" data-element_type=\"widget\" data-widget_type=\"heading.default\">\n\t\t\t\t<div class=\"elementor-widget-container\">\n\t\t\t<h2 class=\"elementor-heading-title elementor-size-default\">Cursos<\/h2>\t\t<\/div>\n\t\t\t\t<\/div>\n\t\t\t\t<div class=\"elementor-element elementor-element-370c75d elementor-widget elementor-widget-image\" data-id=\"370c75d\" data-element_type=\"widget\" data-widget_type=\"image.default\">\n\t\t\t\t<div class=\"elementor-widget-container\">\n\t\t\t\t\t\t\t\t<div class=\"elementor-image\">\n\t\t\t\t\t\t\t\t\t\t\t\t\t<a href=\"https:\/\/bestbarcelona.org\/web\/es\/courses-es\/\" target=\"_blank\">\n\t\t\t\t\t\t\t<img decoding=async data-opt-id=1314702244  fetchpriority=\"high\" width=\"1030\" height=\"579\" src=\"https:\/\/mln8vywpe8we.i.optimole.com\/w:1030\/h:579\/q:mauto\/f:best\/ig:avif\/https:\/\/bestbarcelona.org\/web\/wp-content\/uploads\/2020\/09\/Foto-curs-HP.jpg\" class=\"attachment-large size-large wp-image-21371\" alt=\"\" srcset=\"https:\/\/mln8vywpe8we.i.optimole.com\/w:1030\/h:579\/q:mauto\/f:best\/ig:avif\/https:\/\/bestbarcelona.org\/web\/wp-content\/uploads\/2020\/09\/Foto-curs-HP.jpg 1030w, https:\/\/mln8vywpe8we.i.optimole.com\/w:300\/h:169\/q:mauto\/f:best\/ig:avif\/https:\/\/bestbarcelona.org\/web\/wp-content\/uploads\/2020\/09\/Foto-curs-HP.jpg 300w, https:\/\/mln8vywpe8we.i.optimole.com\/w:768\/h:432\/q:mauto\/f:best\/ig:avif\/https:\/\/bestbarcelona.org\/web\/wp-content\/uploads\/2020\/09\/Foto-curs-HP.jpg 768w, https:\/\/mln8vywpe8we.i.optimole.com\/w:1536\/h:864\/q:mauto\/f:best\/ig:avif\/https:\/\/bestbarcelona.org\/web\/wp-content\/uploads\/2020\/09\/Foto-curs-HP.jpg 1536w, https:\/\/mln8vywpe8we.i.optimole.com\/w:1920\/h:1080\/q:mauto\/f:best\/ig:avif\/https:\/\/bestbarcelona.org\/web\/wp-content\/uploads\/2020\/09\/Foto-curs-HP.jpg 2048w, https:\/\/mln8vywpe8we.i.optimole.com\/w:830\/h:467\/q:mauto\/f:best\/ig:avif\/https:\/\/bestbarcelona.org\/web\/wp-content\/uploads\/2020\/09\/Foto-curs-HP.jpg 830w, https:\/\/mln8vywpe8we.i.optimole.com\/w:230\/h:129\/q:mauto\/f:best\/ig:avif\/https:\/\/bestbarcelona.org\/web\/wp-content\/uploads\/2020\/09\/Foto-curs-HP.jpg 230w, https:\/\/mln8vywpe8we.i.optimole.com\/w:350\/h:197\/q:mauto\/f:best\/ig:avif\/https:\/\/bestbarcelona.org\/web\/wp-content\/uploads\/2020\/09\/Foto-curs-HP.jpg 350w, https:\/\/mln8vywpe8we.i.optimole.com\/w:480\/h:270\/q:mauto\/f:best\/ig:avif\/https:\/\/bestbarcelona.org\/web\/wp-content\/uploads\/2020\/09\/Foto-curs-HP.jpg 480w\" sizes=\"(max-width: 1030px) 100vw, 1030px\" \/>\t\t\t\t\t\t\t\t<\/a>\n\t\t\t\t\t\t\t\t\t\t\t\t\t\t<\/div>\n\t\t\t\t\t\t<\/div>\n\t\t\t\t<\/div>\n\t\t\t\t\t\t<\/div>\n\t\t\t\t\t<\/div>\n\t\t<\/div>\n\t\t\t\t<div class=\"elementor-column elementor-col-50 elementor-top-column elementor-element elementor-element-61ed530\" data-id=\"61ed530\" data-element_type=\"column\">\n\t\t\t<div class=\"elementor-column-wrap elementor-element-populated\">\n\t\t\t\t\t\t\t<div class=\"elementor-widget-wrap\">\n\t\t\t\t\t\t<div class=\"elementor-element elementor-element-7c52125 elementor-widget elementor-widget-heading\" data-id=\"7c52125\" data-element_type=\"widget\" data-widget_type=\"heading.default\">\n\t\t\t\t<div class=\"elementor-widget-container\">\n\t\t\t<h2 class=\"elementor-heading-title elementor-size-default\">WEC<\/h2>\t\t<\/div>\n\t\t\t\t<\/div>\n\t\t\t\t<div class=\"elementor-element elementor-element-08ec082 elementor-widget elementor-widget-image\" data-id=\"08ec082\" data-element_type=\"widget\" data-widget_type=\"image.default\">\n\t\t\t\t<div class=\"elementor-widget-container\">\n\t\t\t\t\t\t\t\t<div class=\"elementor-image\">\n\t\t\t\t\t\t\t\t\t\t\t\t\t<a href=\"https:\/\/wec.cat\" target=\"_blank\">\n\t\t\t\t\t\t\t<img decoding=async data-opt-id=756430699  fetchpriority=\"high\" width=\"1030\" height=\"579\" src=\"https:\/\/mln8vywpe8we.i.optimole.com\/w:1030\/h:579\/q:mauto\/f:best\/ig:avif\/https:\/\/bestbarcelona.org\/web\/wp-content\/uploads\/2020\/09\/27027448639_b428980ff4_o.jpg\" class=\"attachment-large size-large wp-image-21378\" alt=\"\" srcset=\"https:\/\/mln8vywpe8we.i.optimole.com\/w:1030\/h:579\/q:mauto\/f:best\/ig:avif\/https:\/\/bestbarcelona.org\/web\/wp-content\/uploads\/2020\/09\/27027448639_b428980ff4_o-scaled.jpg 1030w, https:\/\/mln8vywpe8we.i.optimole.com\/w:300\/h:169\/q:mauto\/f:best\/ig:avif\/https:\/\/bestbarcelona.org\/web\/wp-content\/uploads\/2020\/09\/27027448639_b428980ff4_o-scaled.jpg 300w, https:\/\/mln8vywpe8we.i.optimole.com\/w:768\/h:432\/q:mauto\/f:best\/ig:avif\/https:\/\/bestbarcelona.org\/web\/wp-content\/uploads\/2020\/09\/27027448639_b428980ff4_o-scaled.jpg 768w, https:\/\/mln8vywpe8we.i.optimole.com\/w:1536\/h:864\/q:mauto\/f:best\/ig:avif\/https:\/\/bestbarcelona.org\/web\/wp-content\/uploads\/2020\/09\/27027448639_b428980ff4_o-scaled.jpg 1536w, https:\/\/mln8vywpe8we.i.optimole.com\/w:1920\/h:1080\/q:mauto\/f:best\/ig:avif\/https:\/\/bestbarcelona.org\/web\/wp-content\/uploads\/2020\/09\/27027448639_b428980ff4_o-scaled.jpg 2048w, https:\/\/mln8vywpe8we.i.optimole.com\/w:830\/h:467\/q:mauto\/f:best\/ig:avif\/https:\/\/bestbarcelona.org\/web\/wp-content\/uploads\/2020\/09\/27027448639_b428980ff4_o-scaled.jpg 830w, https:\/\/mln8vywpe8we.i.optimole.com\/w:230\/h:129\/q:mauto\/f:best\/ig:avif\/https:\/\/bestbarcelona.org\/web\/wp-content\/uploads\/2020\/09\/27027448639_b428980ff4_o-scaled.jpg 230w, https:\/\/mln8vywpe8we.i.optimole.com\/w:350\/h:197\/q:mauto\/f:best\/ig:avif\/https:\/\/bestbarcelona.org\/web\/wp-content\/uploads\/2020\/09\/27027448639_b428980ff4_o-scaled.jpg 350w, https:\/\/mln8vywpe8we.i.optimole.com\/w:480\/h:270\/q:mauto\/f:best\/ig:avif\/https:\/\/bestbarcelona.org\/web\/wp-content\/uploads\/2020\/09\/27027448639_b428980ff4_o-scaled.jpg 480w\" sizes=\"(max-width: 1030px) 100vw, 1030px\" \/>\t\t\t\t\t\t\t\t<\/a>\n\t\t\t\t\t\t\t\t\t\t\t\t\t\t<\/div>\n\t\t\t\t\t\t<\/div>\n\t\t\t\t<\/div>\n\t\t\t\t\t\t<\/div>\n\t\t\t\t\t<\/div>\n\t\t<\/div>\n\t\t\t\t\t\t\t\t<\/div>\n\t\t\t\t\t<\/div>\n\t\t<\/section>\n\t\t\t\t<section class=\"elementor-section elementor-top-section elementor-element elementor-element-2ebc636 elementor-section-stretched elementor-section-boxed elementor-section-height-default elementor-section-height-default\" data-id=\"2ebc636\" data-element_type=\"section\" data-settings=\"{&quot;stretch_section&quot;:&quot;section-stretched&quot;}\">\n\t\t\t\t\t\t<div class=\"elementor-container elementor-column-gap-default\">\n\t\t\t\t\t\t\t<div class=\"elementor-row\">\n\t\t\t\t\t<div class=\"elementor-column elementor-col-100 elementor-top-column elementor-element elementor-element-a9b6c82\" data-id=\"a9b6c82\" data-element_type=\"column\">\n\t\t\t<div class=\"elementor-column-wrap elementor-element-populated\">\n\t\t\t\t\t\t\t<div class=\"elementor-widget-wrap\">\n\t\t\t\t\t\t<div class=\"elementor-element elementor-element-42b5198 elementor-widget elementor-widget-image\" data-id=\"42b5198\" data-element_type=\"widget\" data-widget_type=\"image.default\">\n\t\t\t\t<div class=\"elementor-widget-container\">\n\t\t\t\t\t\t\t\t<div class=\"elementor-image\">\n\t\t\t\t\t\t\t\t\t\t\t\t<img decoding=async data-opt-id=146561310  fetchpriority=\"high\" src=\"https:\/\/mln8vywpe8we.i.optimole.com\/w:auto\/h:auto\/q:mauto\/f:best\/ig:avif\/https:\/\/bestbarcelona.org\/web\/wp-content\/uploads\/elementor\/thumbs\/ig_feed-ozabsiuv4xoqrtunwbmmvbh5d85hujg71y8mrievwe.png\" title=\"ig_feed\" alt=\"ig_feed\" loading=\"lazy\" \/>\t\t\t\t\t\t\t\t\t\t\t\t\t\t<\/div>\n\t\t\t\t\t\t<\/div>\n\t\t\t\t<\/div>\n\t\t\t\t<div class=\"elementor-element elementor-element-b7413eb elementor-widget elementor-widget-html\" data-id=\"b7413eb\" data-element_type=\"widget\" data-widget_type=\"html.default\">\n\t\t\t\t<div class=\"elementor-widget-container\">\n\t\t\t<div class='jr-insta-thumb'>\r\n    <ul class='no-bullet thumbnails jr_col_4' id='wis-slides'>\r\n\t\t    <\/ul>\r\n<\/div>\t\t<\/div>\n\t\t\t\t<\/div>\n\t\t\t\t\t\t<\/div>\n\t\t\t\t\t<\/div>\n\t\t<\/div>\n\t\t\t\t\t\t\t\t<\/div>\n\t\t\t\t\t<\/div>\n\t\t<\/section>\n\t\t\t\t\t\t\t\t\t<\/div>\n\t\t\t<\/div>\n\t\t\t\t\t<\/div>\n\t\t","protected":false},"excerpt":{"rendered":"<p>\u00bfQu\u00e9 es BEST? BEST es una organitzaci\u00f3n apol\u00edtica y sin \u00e1nimo de lucro a nivel europeo formada por m\u00e1s de 3000 estudiantes.&hellip;<\/p>\n","protected":false},"author":4,"featured_media":0,"parent":0,"menu_order":0,"comment_status":"closed","ping_status":"closed","template":"","meta":[],"_links":{"self":[{"href":"https:\/\/bestbarcelona.org\/web\/wp-json\/wp\/v2\/pages\/21033"}],"collection":[{"href":"https:\/\/bestbarcelona.org\/web\/wp-json\/wp\/v2\/pages"}],"about":[{"href":"https:\/\/bestbarcelona.org\/web\/wp-json\/wp\/v2\/types\/page"}],"author":[{"embeddable":true,"href":"https:\/\/bestbarcelona.org\/web\/wp-json\/wp\/v2\/users\/4"}],"replies":[{"embeddable":true,"href":"https:\/\/bestbarcelona.org\/web\/wp-json\/wp\/v2\/comments?post=21033"}],"version-history":[{"count":6,"href":"https:\/\/bestbarcelona.org\/web\/wp-json\/wp\/v2\/pages\/21033\/revisions"}],"predecessor-version":[{"id":21977,"href":"https:\/\/bestbarcelona.org\/web\/wp-json\/wp\/v2\/pages\/21033\/revisions\/21977"}],"wp:attachment":[{"href":"https:\/\/bestbarcelona.org\/web\/wp-json\/wp\/v2\/media?parent=21033"}],"curies":[{"name":"wp","href":"https:\/\/api.w.org\/{rel}","templated":true}]}}